{"id":13995,"date":"2025-01-20T18:23:07","date_gmt":"2025-01-20T18:23:07","guid":{"rendered":"https:\/\/www.sinpeks.com\/rs\/p\/set-krune-i-adapter-6-komada-d-33657\/"},"modified":"2026-05-08T08:18:14","modified_gmt":"2026-05-08T08:18:14","slug":"set-krune-i-adapter-6-komada-d-33657","status":"publish","type":"product","link":"https:\/\/www.sinpeks.com\/rs\/p\/set-krune-i-adapter-6-komada-d-33657\/","title":{"rendered":"Set krune i adapter 6 komada D-33657"},"content":{"rendered":"<p>Set za HSS-Bi-Metal krunske pile sa zubama razli\u010ditih visina, te su preporu\u010dljive za rezanje \u010delika, aluminija, bakra, mesinga, drva i plastike. Najpopularnije veli\u010dine tako\u0111er su dostupne u setovima za vodoinstalatere i elektri\u010dare. Dostupne sa \u0161estougaonim prihvatom za stezne glave s trima \u010deljustima. Krune ukompletu 22, 29, 32, 51 mm<\/p>\n","protected":false},"excerpt":{"rendered":"<p>Set za HSS-Bi-Metal krunske pile sa zubama razli\u010ditih visina, te su preporu\u010dljive za rezanje \u010delika, aluminija, bakra, mesinga, drva i plastike. Najpopularnije veli\u010dine tako\u0111er su dostupne u setovima za vodoinstalatere i elektri\u010dare. Dostupne sa \u0161estougaonim prihvatom za stezne glave s trima \u010deljustima. Krune ukompletu 22, 29, 32, 51 mm<\/p>\n","protected":false},"featured_media":20141,"comment_status":"open","ping_status":"closed","template":"","meta":{"_acf_changed":false},"product_cat":[227],"product_tag":[],"class_list":{"0":"post-13995","1":"product","2":"type-product","3":"status-publish","4":"has-post-thumbnail","6":"product_cat-burgije-i-dleta","7":"product_shipping_class-alati-masine-makedonija","8":"pa_b-makita","9":"pa_market-ba","10":"pa_market-mk","11":"pa_market-rs","12":"pa_precnik-mm-22-51","13":"pa_prihvat-sestougaone","15":"first","16":"instock","17":"sale","18":"taxable","19":"shipping-taxable","20":"purchasable","21":"product-type-simple"},"acf":[],"seolaxy_ctr_woo_product_custom_meta_description_content":"","_links":{"self":[{"href":"https:\/\/www.sinpeks.com\/rs\/wp-json\/wp\/v2\/product\/13995","targetHints":{"allow":["GET"]}}],"collection":[{"href":"https:\/\/www.sinpeks.com\/rs\/wp-json\/wp\/v2\/product"}],"about":[{"href":"https:\/\/www.sinpeks.com\/rs\/wp-json\/wp\/v2\/types\/product"}],"replies":[{"embeddable":true,"href":"https:\/\/www.sinpeks.com\/rs\/wp-json\/wp\/v2\/comments?post=13995"}],"wp:featuredmedia":[{"embeddable":true,"href":"https:\/\/www.sinpeks.com\/rs\/wp-json\/wp\/v2\/media\/20141"}],"wp:attachment":[{"href":"https:\/\/www.sinpeks.com\/rs\/wp-json\/wp\/v2\/media?parent=13995"}],"wp:term":[{"taxonomy":"product_cat","embeddable":true,"href":"https:\/\/www.sinpeks.com\/rs\/wp-json\/wp\/v2\/product_cat?post=13995"},{"taxonomy":"product_tag","embeddable":true,"href":"https:\/\/www.sinpeks.com\/rs\/wp-json\/wp\/v2\/product_tag?post=13995"}],"curies":[{"name":"wp","href":"https:\/\/api.w.org\/{rel}","templated":true}]}}