{"id":13923,"date":"2025-01-20T18:22:51","date_gmt":"2025-01-20T18:22:51","guid":{"rendered":"https:\/\/www.sinpeks.com\/rs\/p\/burgija-d-33934\/"},"modified":"2026-03-17T14:12:32","modified_gmt":"2026-03-17T14:12:32","slug":"burgija-d-33934","status":"publish","type":"product","link":"https:\/\/www.sinpeks.com\/rs\/p\/burgija-d-33934\/","title":{"rendered":"Burgija D-33934"},"content":{"rendered":"<p>Burgija sa 2 seka\u010da 16mmx340mm SDS-MAX za zidove i beton. Vrh od \u010dvrstog karbida sa ta\u010dkom za centriranje i optimizovanim \u017elebovima nudi velike brzine bu\u0161enja za izvo\u0111a\u010de radova.<\/p>\n","protected":false},"excerpt":{"rendered":"<p>Burgija sa 2 seka\u010da 16mmx340mm SDS-MAX za zidove i beton. Vrh od \u010dvrstog karbida sa ta\u010dkom za centriranje i optimizovanim \u017elebovima nudi velike brzine bu\u0161enja za izvo\u0111a\u010de radova.<\/p>\n","protected":false},"featured_media":20182,"comment_status":"open","ping_status":"closed","template":"","meta":{"_acf_changed":false},"product_cat":[227],"product_tag":[],"class_list":{"0":"post-13923","1":"product","2":"type-product","3":"status-publish","4":"has-post-thumbnail","6":"product_cat-burgije-i-dleta","7":"product_shipping_class-alati-masine-makedonija","8":"pa_b-makita","9":"pa_market-mk","10":"pa_precnik-mm-4642","11":"pa_prihvat-sds-max","13":"first","14":"outofstock","15":"sale","16":"taxable","17":"shipping-taxable","18":"purchasable","19":"product-type-simple"},"acf":[],"seolaxy_ctr_woo_product_custom_meta_description_content":"","_links":{"self":[{"href":"https:\/\/www.sinpeks.com\/rs\/wp-json\/wp\/v2\/product\/13923","targetHints":{"allow":["GET"]}}],"collection":[{"href":"https:\/\/www.sinpeks.com\/rs\/wp-json\/wp\/v2\/product"}],"about":[{"href":"https:\/\/www.sinpeks.com\/rs\/wp-json\/wp\/v2\/types\/product"}],"replies":[{"embeddable":true,"href":"https:\/\/www.sinpeks.com\/rs\/wp-json\/wp\/v2\/comments?post=13923"}],"wp:featuredmedia":[{"embeddable":true,"href":"https:\/\/www.sinpeks.com\/rs\/wp-json\/wp\/v2\/media\/20182"}],"wp:attachment":[{"href":"https:\/\/www.sinpeks.com\/rs\/wp-json\/wp\/v2\/media?parent=13923"}],"wp:term":[{"taxonomy":"product_cat","embeddable":true,"href":"https:\/\/www.sinpeks.com\/rs\/wp-json\/wp\/v2\/product_cat?post=13923"},{"taxonomy":"product_tag","embeddable":true,"href":"https:\/\/www.sinpeks.com\/rs\/wp-json\/wp\/v2\/product_tag?post=13923"}],"curies":[{"name":"wp","href":"https:\/\/api.w.org\/{rel}","templated":true}]}}