{"id":13910,"date":"2025-01-20T18:22:48","date_gmt":"2025-01-20T18:22:48","guid":{"rendered":"https:\/\/www.sinpeks.com\/rs\/p\/burgija-za-metal-hss-co-d-17360\/"},"modified":"2026-04-16T06:43:52","modified_gmt":"2026-04-16T06:43:52","slug":"burgija-za-metal-hss-co-d-17360","status":"publish","type":"product","link":"https:\/\/www.sinpeks.com\/rs\/p\/burgija-za-metal-hss-co-d-17360\/","title":{"rendered":"Burgija za metal HSS-Co D-17360"},"content":{"rendered":"<p>Burgija za metal HSS-Co D-17360 5x86mm pogodna za crne i obojene metale, nudi dobre brzine bu\u0161enja i produ\u017een radni vek. Ostvarite brzo i precizno bu\u0161enje.<\/p>\n","protected":false},"excerpt":{"rendered":"<p>Burgija za metal HSS-Co D-17360 5x86mm pogodna za crne i obojene metale, nudi dobre brzine bu\u0161enja i produ\u017een radni vek. Ostvarite brzo i precizno bu\u0161enje.<\/p>\n","protected":false},"featured_media":20437,"comment_status":"open","ping_status":"closed","template":"","meta":{"_acf_changed":false},"product_cat":[227],"product_tag":[],"class_list":{"0":"post-13910","1":"product","2":"type-product","3":"status-publish","4":"has-post-thumbnail","6":"product_cat-burgije-i-dleta","7":"product_shipping_class-alati-masine-makedonija","8":"pa_b-makita","9":"pa_market-ba","10":"pa_market-mk","11":"pa_market-rs","12":"pa_precnik-mm-4653","13":"pa_prihvat-cilindricne","15":"first","16":"instock","17":"sale","18":"taxable","19":"shipping-taxable","20":"purchasable","21":"product-type-simple"},"acf":[],"seolaxy_ctr_woo_product_custom_meta_description_content":"","_links":{"self":[{"href":"https:\/\/www.sinpeks.com\/rs\/wp-json\/wp\/v2\/product\/13910","targetHints":{"allow":["GET"]}}],"collection":[{"href":"https:\/\/www.sinpeks.com\/rs\/wp-json\/wp\/v2\/product"}],"about":[{"href":"https:\/\/www.sinpeks.com\/rs\/wp-json\/wp\/v2\/types\/product"}],"replies":[{"embeddable":true,"href":"https:\/\/www.sinpeks.com\/rs\/wp-json\/wp\/v2\/comments?post=13910"}],"wp:featuredmedia":[{"embeddable":true,"href":"https:\/\/www.sinpeks.com\/rs\/wp-json\/wp\/v2\/media\/20437"}],"wp:attachment":[{"href":"https:\/\/www.sinpeks.com\/rs\/wp-json\/wp\/v2\/media?parent=13910"}],"wp:term":[{"taxonomy":"product_cat","embeddable":true,"href":"https:\/\/www.sinpeks.com\/rs\/wp-json\/wp\/v2\/product_cat?post=13910"},{"taxonomy":"product_tag","embeddable":true,"href":"https:\/\/www.sinpeks.com\/rs\/wp-json\/wp\/v2\/product_tag?post=13910"}],"curies":[{"name":"wp","href":"https:\/\/api.w.org\/{rel}","templated":true}]}}