{"id":13857,"date":"2025-01-20T18:22:36","date_gmt":"2025-01-20T18:22:36","guid":{"rendered":"https:\/\/www.sinpeks.com\/rs\/p\/burgija-s-centrirnim-vrhom-b-62125\/"},"modified":"2026-05-04T20:34:49","modified_gmt":"2026-05-04T20:34:49","slug":"burgija-s-centrirnim-vrhom-b-62125","status":"publish","type":"product","link":"https:\/\/www.sinpeks.com\/rs\/p\/burgija-s-centrirnim-vrhom-b-62125\/","title":{"rendered":"Burgija s centrirnim vrhom B-62125"},"content":{"rendered":"<p>Burgija s centrirnim vrhom B-62125 F18 SDS-Plus sa svojom dinami\u010dnom ta\u010dkom za bu\u0161enje sa jedinstvenom geometrijom se\u010denja i optimizovanim spiralnim oblikom, ova bu\u0161ilica je jedna od najboljih u svojoj klasi<\/p>\n","protected":false},"excerpt":{"rendered":"<p>Burgija s centrirnim vrhom B-62125 F18 SDS-Plus sa svojom dinami\u010dnom ta\u010dkom za bu\u0161enje sa jedinstvenom geometrijom se\u010denja i optimizovanim spiralnim oblikom, ova bu\u0161ilica je jedna od najboljih u svojoj klasi<\/p>\n","protected":false},"featured_media":19993,"comment_status":"open","ping_status":"closed","template":"","meta":{"_acf_changed":false},"product_cat":[227],"product_tag":[],"class_list":{"0":"post-13857","1":"product","2":"type-product","3":"status-publish","4":"has-post-thumbnail","6":"product_cat-burgije-i-dleta","7":"product_shipping_class-alati-masine-makedonija","8":"pa_b-makita","9":"pa_market-ba","10":"pa_market-mk","11":"pa_market-rs","12":"pa_precnik-mm-4640","13":"pa_prihvat-sds-plus","15":"first","16":"instock","17":"sale","18":"taxable","19":"shipping-taxable","20":"purchasable","21":"product-type-simple"},"acf":[],"seolaxy_ctr_woo_product_custom_meta_description_content":"","_links":{"self":[{"href":"https:\/\/www.sinpeks.com\/rs\/wp-json\/wp\/v2\/product\/13857","targetHints":{"allow":["GET"]}}],"collection":[{"href":"https:\/\/www.sinpeks.com\/rs\/wp-json\/wp\/v2\/product"}],"about":[{"href":"https:\/\/www.sinpeks.com\/rs\/wp-json\/wp\/v2\/types\/product"}],"replies":[{"embeddable":true,"href":"https:\/\/www.sinpeks.com\/rs\/wp-json\/wp\/v2\/comments?post=13857"}],"wp:featuredmedia":[{"embeddable":true,"href":"https:\/\/www.sinpeks.com\/rs\/wp-json\/wp\/v2\/media\/19993"}],"wp:attachment":[{"href":"https:\/\/www.sinpeks.com\/rs\/wp-json\/wp\/v2\/media?parent=13857"}],"wp:term":[{"taxonomy":"product_cat","embeddable":true,"href":"https:\/\/www.sinpeks.com\/rs\/wp-json\/wp\/v2\/product_cat?post=13857"},{"taxonomy":"product_tag","embeddable":true,"href":"https:\/\/www.sinpeks.com\/rs\/wp-json\/wp\/v2\/product_tag?post=13857"}],"curies":[{"name":"wp","href":"https:\/\/api.w.org\/{rel}","templated":true}]}}