{"id":13841,"date":"2025-01-20T18:22:32","date_gmt":"2025-01-20T18:22:32","guid":{"rendered":"https:\/\/www.sinpeks.com\/rs\/p\/burgija-s-centrirnim-vrhom-b-56063\/"},"modified":"2026-01-13T11:35:18","modified_gmt":"2026-01-13T11:35:18","slug":"burgija-s-centrirnim-vrhom-b-56063","status":"publish","type":"product","link":"https:\/\/www.sinpeks.com\/rs\/p\/burgija-s-centrirnim-vrhom-b-56063\/","title":{"rendered":"Burgija s centrirnim vrhom B-56063"},"content":{"rendered":"<p>Burgija s centrirnim vrhom B-56063 F14 SDS-Plus sa svojom dinami\u010dnom ta\u010dkom za bu\u0161enje sa jedinstvenom geometrijom se\u010denja i optimizovanim spiralnim oblikom, ova bu\u0161ilica je jedna od najboljih u svojoj klasi<\/p>\n","protected":false},"excerpt":{"rendered":"<p>Burgija s centrirnim vrhom B-56063 F14 SDS-Plus sa svojom dinami\u010dnom ta\u010dkom za bu\u0161enje sa jedinstvenom geometrijom se\u010denja i optimizovanim spiralnim oblikom, ova bu\u0161ilica je jedna od najboljih u svojoj klasi<\/p>\n","protected":false},"featured_media":19836,"comment_status":"open","ping_status":"closed","template":"","meta":{"_acf_changed":false},"product_cat":[227],"product_tag":[],"class_list":{"0":"post-13841","1":"product","2":"type-product","3":"status-publish","4":"has-post-thumbnail","6":"product_cat-burgije-i-dleta","7":"product_shipping_class-alati-masine-makedonija","8":"pa_b-makita","9":"pa_market-ba","10":"pa_market-mk","11":"pa_market-rs","12":"pa_precnik-mm-4652","13":"pa_prihvat-sds-plus","15":"first","16":"outofstock","17":"sale","18":"taxable","19":"shipping-taxable","20":"purchasable","21":"product-type-simple"},"acf":[],"seolaxy_ctr_woo_product_custom_meta_description_content":"","_links":{"self":[{"href":"https:\/\/www.sinpeks.com\/rs\/wp-json\/wp\/v2\/product\/13841","targetHints":{"allow":["GET"]}}],"collection":[{"href":"https:\/\/www.sinpeks.com\/rs\/wp-json\/wp\/v2\/product"}],"about":[{"href":"https:\/\/www.sinpeks.com\/rs\/wp-json\/wp\/v2\/types\/product"}],"replies":[{"embeddable":true,"href":"https:\/\/www.sinpeks.com\/rs\/wp-json\/wp\/v2\/comments?post=13841"}],"wp:featuredmedia":[{"embeddable":true,"href":"https:\/\/www.sinpeks.com\/rs\/wp-json\/wp\/v2\/media\/19836"}],"wp:attachment":[{"href":"https:\/\/www.sinpeks.com\/rs\/wp-json\/wp\/v2\/media?parent=13841"}],"wp:term":[{"taxonomy":"product_cat","embeddable":true,"href":"https:\/\/www.sinpeks.com\/rs\/wp-json\/wp\/v2\/product_cat?post=13841"},{"taxonomy":"product_tag","embeddable":true,"href":"https:\/\/www.sinpeks.com\/rs\/wp-json\/wp\/v2\/product_tag?post=13841"}],"curies":[{"name":"wp","href":"https:\/\/api.w.org\/{rel}","templated":true}]}}