{"id":13827,"date":"2025-01-20T18:22:29","date_gmt":"2025-01-20T18:22:29","guid":{"rendered":"https:\/\/www.sinpeks.com\/rs\/p\/samoostrece-siljato-dleto-b-vrh-b-10372-400mm\/"},"modified":"2026-03-17T14:09:33","modified_gmt":"2026-03-17T14:09:33","slug":"samoostrece-siljato-dleto-b-vrh-b-10372-400mm","status":"publish","type":"product","link":"https:\/\/www.sinpeks.com\/rs\/p\/samoostrece-siljato-dleto-b-vrh-b-10372-400mm\/","title":{"rendered":"Samoo\u0161tre\u0107e \u0161iljato dleto B-vrh B-10372 400mm"},"content":{"rendered":"<p>Samoo\u0161tre\u0107e \u0161iljato dleto B-tip B-10372 400mm Ostaje o\u0161tar za konzistentne performanse na visokom nivou. Povec\u0301ani volumen uklanjanja ubrzava va\u0161 rad. Kompatibilan sa vi\u0161estrukim \u010dekic\u0301ima za ru\u0161enje za fleksibilnu upotrebu.<\/p>\n","protected":false},"excerpt":{"rendered":"<p>Samoo\u0161tre\u0107e \u0161iljato dleto B-tip B-10372 400mm Ostaje o\u0161tar za konzistentne performanse na visokom nivou. Povec\u0301ani volumen uklanjanja ubrzava va\u0161 rad. Kompatibilan sa vi\u0161estrukim \u010dekic\u0301ima za ru\u0161enje za fleksibilnu upotrebu.<\/p>\n","protected":false},"featured_media":20145,"comment_status":"open","ping_status":"closed","template":"","meta":{"_acf_changed":false},"product_cat":[227],"product_tag":[],"class_list":{"0":"post-13827","1":"product","2":"type-product","3":"status-publish","4":"has-post-thumbnail","6":"product_cat-burgije-i-dleta","7":"product_shipping_class-alati-masine-makedonija","8":"pa_b-makita","9":"pa_market-mk","10":"pa_precnik-mm-28-6","11":"pa_prihvat-sestougaone","13":"first","14":"instock","15":"sale","16":"taxable","17":"shipping-taxable","18":"purchasable","19":"product-type-simple"},"acf":[],"seolaxy_ctr_woo_product_custom_meta_description_content":"","_links":{"self":[{"href":"https:\/\/www.sinpeks.com\/rs\/wp-json\/wp\/v2\/product\/13827","targetHints":{"allow":["GET"]}}],"collection":[{"href":"https:\/\/www.sinpeks.com\/rs\/wp-json\/wp\/v2\/product"}],"about":[{"href":"https:\/\/www.sinpeks.com\/rs\/wp-json\/wp\/v2\/types\/product"}],"replies":[{"embeddable":true,"href":"https:\/\/www.sinpeks.com\/rs\/wp-json\/wp\/v2\/comments?post=13827"}],"wp:featuredmedia":[{"embeddable":true,"href":"https:\/\/www.sinpeks.com\/rs\/wp-json\/wp\/v2\/media\/20145"}],"wp:attachment":[{"href":"https:\/\/www.sinpeks.com\/rs\/wp-json\/wp\/v2\/media?parent=13827"}],"wp:term":[{"taxonomy":"product_cat","embeddable":true,"href":"https:\/\/www.sinpeks.com\/rs\/wp-json\/wp\/v2\/product_cat?post=13827"},{"taxonomy":"product_tag","embeddable":true,"href":"https:\/\/www.sinpeks.com\/rs\/wp-json\/wp\/v2\/product_tag?post=13827"}],"curies":[{"name":"wp","href":"https:\/\/api.w.org\/{rel}","templated":true}]}}