{"id":13826,"date":"2025-01-20T18:22:29","date_gmt":"2025-01-20T18:22:29","guid":{"rendered":"https:\/\/www.sinpeks.com\/rs\/p\/burgija-za-metal-hss-co-d-17382\/"},"modified":"2025-11-03T14:23:44","modified_gmt":"2025-11-03T14:23:44","slug":"burgija-za-metal-hss-co-d-17382","status":"publish","type":"product","link":"https:\/\/www.sinpeks.com\/rs\/p\/burgija-za-metal-hss-co-d-17382\/","title":{"rendered":"Burgija za metal HSS-Co D-17382"},"content":{"rendered":"<p>Burgija za metal HSS-Co D-17382 6x93mm pogodna za crne i obojene metale, nudi dobre brzine bu\u0161enja i produ\u017een radni vek. Ostvarite brzo i precizno bu\u0161enje.<\/p>\n","protected":false},"excerpt":{"rendered":"<p>Burgija za metal HSS-Co D-17382 6x93mm pogodna za crne i obojene metale, nudi dobre brzine bu\u0161enja i produ\u017een radni vek. Ostvarite brzo i precizno bu\u0161enje.<\/p>\n","protected":false},"featured_media":20476,"comment_status":"open","ping_status":"closed","template":"","meta":{"_acf_changed":false},"product_cat":[227],"product_tag":[],"class_list":{"0":"post-13826","1":"product","2":"type-product","3":"status-publish","4":"has-post-thumbnail","6":"product_cat-burgije-i-dleta","7":"product_shipping_class-817","8":"pa_b-makita","9":"pa_market-ba","10":"pa_market-mk","11":"pa_market-rs","12":"pa_precnik-mm-4649","13":"pa_prihvat-cilindricne","15":"first","16":"outofstock","17":"taxable","18":"shipping-taxable","19":"purchasable","20":"product-type-simple"},"acf":[],"seolaxy_ctr_woo_product_custom_meta_description_content":"","_links":{"self":[{"href":"https:\/\/www.sinpeks.com\/rs\/wp-json\/wp\/v2\/product\/13826","targetHints":{"allow":["GET"]}}],"collection":[{"href":"https:\/\/www.sinpeks.com\/rs\/wp-json\/wp\/v2\/product"}],"about":[{"href":"https:\/\/www.sinpeks.com\/rs\/wp-json\/wp\/v2\/types\/product"}],"replies":[{"embeddable":true,"href":"https:\/\/www.sinpeks.com\/rs\/wp-json\/wp\/v2\/comments?post=13826"}],"wp:featuredmedia":[{"embeddable":true,"href":"https:\/\/www.sinpeks.com\/rs\/wp-json\/wp\/v2\/media\/20476"}],"wp:attachment":[{"href":"https:\/\/www.sinpeks.com\/rs\/wp-json\/wp\/v2\/media?parent=13826"}],"wp:term":[{"taxonomy":"product_cat","embeddable":true,"href":"https:\/\/www.sinpeks.com\/rs\/wp-json\/wp\/v2\/product_cat?post=13826"},{"taxonomy":"product_tag","embeddable":true,"href":"https:\/\/www.sinpeks.com\/rs\/wp-json\/wp\/v2\/product_tag?post=13826"}],"curies":[{"name":"wp","href":"https:\/\/api.w.org\/{rel}","templated":true}]}}