{"id":13817,"date":"2025-01-20T18:22:27","date_gmt":"2025-01-20T18:22:27","guid":{"rendered":"https:\/\/www.sinpeks.com\/rs\/p\/set-5-burgija-d-36049\/"},"modified":"2026-05-04T19:55:46","modified_gmt":"2026-05-04T19:55:46","slug":"set-5-burgija-d-36049","status":"publish","type":"product","link":"https:\/\/www.sinpeks.com\/rs\/p\/set-5-burgija-d-36049\/","title":{"rendered":"Set 5 burgija D-36049"},"content":{"rendered":"<p>Set burgija za bu\u0161enje betona za SDS-Plus bu\u0161ilice. Set uklju\u010duje burgije za beton du\u017eine 160mm, pre\u010dnika 2&#215;6, 8, 10 i 12mm. Set uklju\u010duje 5 burgija za beton u plasti\u010dnoj kutiji.<\/p>\n","protected":false},"excerpt":{"rendered":"<p>Set burgija za bu\u0161enje betona za SDS-Plus bu\u0161ilice. Set uklju\u010duje burgije za beton du\u017eine 160mm, pre\u010dnika 2&#215;6, 8, 10 i 12mm. Set uklju\u010duje 5 burgija za beton u plasti\u010dnoj kutiji.<\/p>\n","protected":false},"featured_media":20267,"comment_status":"open","ping_status":"closed","template":"","meta":{"_acf_changed":false},"product_cat":[227],"product_tag":[],"class_list":{"0":"post-13817","1":"product","2":"type-product","3":"status-publish","4":"has-post-thumbnail","6":"product_cat-burgije-i-dleta","7":"product_shipping_class-alati-masine-makedonija","8":"pa_b-makita","9":"pa_market-ba","10":"pa_market-mk","11":"pa_market-rs","12":"pa_precnik-mm-1-12","13":"pa_prihvat-sds-plus","15":"first","16":"instock","17":"sale","18":"taxable","19":"shipping-taxable","20":"purchasable","21":"product-type-simple"},"acf":[],"seolaxy_ctr_woo_product_custom_meta_description_content":"","_links":{"self":[{"href":"https:\/\/www.sinpeks.com\/rs\/wp-json\/wp\/v2\/product\/13817","targetHints":{"allow":["GET"]}}],"collection":[{"href":"https:\/\/www.sinpeks.com\/rs\/wp-json\/wp\/v2\/product"}],"about":[{"href":"https:\/\/www.sinpeks.com\/rs\/wp-json\/wp\/v2\/types\/product"}],"replies":[{"embeddable":true,"href":"https:\/\/www.sinpeks.com\/rs\/wp-json\/wp\/v2\/comments?post=13817"}],"wp:featuredmedia":[{"embeddable":true,"href":"https:\/\/www.sinpeks.com\/rs\/wp-json\/wp\/v2\/media\/20267"}],"wp:attachment":[{"href":"https:\/\/www.sinpeks.com\/rs\/wp-json\/wp\/v2\/media?parent=13817"}],"wp:term":[{"taxonomy":"product_cat","embeddable":true,"href":"https:\/\/www.sinpeks.com\/rs\/wp-json\/wp\/v2\/product_cat?post=13817"},{"taxonomy":"product_tag","embeddable":true,"href":"https:\/\/www.sinpeks.com\/rs\/wp-json\/wp\/v2\/product_tag?post=13817"}],"curies":[{"name":"wp","href":"https:\/\/api.w.org\/{rel}","templated":true}]}}