{"id":13795,"date":"2025-01-20T18:22:22","date_gmt":"2025-01-20T18:22:22","guid":{"rendered":"https:\/\/www.sinpeks.com\/rs\/p\/akumulatorska-vibrirajuca-brusilica-elps201250-emtop\/"},"modified":"2026-04-23T09:15:35","modified_gmt":"2026-04-23T09:15:35","slug":"akumulatorska-vibrirajuca-brusilica-elps201250-emtop","status":"publish","type":"product","link":"https:\/\/www.sinpeks.com\/rs\/p\/akumulatorska-vibrirajuca-brusilica-elps201250-emtop\/","title":{"rendered":"Akumulatorska vibriraju\u0107a brusilica ELPS201250 Emtop"},"content":{"rendered":"<p>Emtop akumulatorska vibraciona brusilica koja mo\u017ee da koristi sve 20V litijumske baterije kompanije Emtop. Kao dodatak dolazi sa kompletom od 5 brusnih papira.<\/p>\n<p>*Napomena: Ma\u0161ina je bez akumulatora i punja\u010da.Na nju odgovaraju svi 20 V (P20S) Emtop akumulatori i punja\u010di.<\/p>\n","protected":false},"excerpt":{"rendered":"<p>Emtop akumulatorska vibraciona brusilica koja mo\u017ee da koristi sve 20V litijumske baterije kompanije Emtop. Kao dodatak dolazi sa kompletom od 5 brusnih papira. *Napomena: Ma\u0161ina je bez akumulatora i punja\u010da.Na nju odgovaraju svi 20 V (P20S) Emtop akumulatori i punja\u010di.<\/p>\n","protected":false},"featured_media":19439,"comment_status":"open","ping_status":"closed","template":"","meta":{"_acf_changed":false},"product_cat":[213,5293],"product_tag":[],"class_list":{"0":"post-13795","1":"product","2":"type-product","3":"status-publish","4":"has-post-thumbnail","6":"product_cat-brusilice","7":"product_cat-emtop-akcija","8":"product_shipping_class-alati-masine-makedonija","9":"pa_b-emtop","10":"pa_market-ba","11":"pa_market-mk","12":"pa_market-rs","14":"first","15":"instock","16":"sale","17":"taxable","18":"shipping-taxable","19":"purchasable","20":"product-type-simple"},"acf":[],"seolaxy_ctr_woo_product_custom_meta_description_content":"","_links":{"self":[{"href":"https:\/\/www.sinpeks.com\/rs\/wp-json\/wp\/v2\/product\/13795","targetHints":{"allow":["GET"]}}],"collection":[{"href":"https:\/\/www.sinpeks.com\/rs\/wp-json\/wp\/v2\/product"}],"about":[{"href":"https:\/\/www.sinpeks.com\/rs\/wp-json\/wp\/v2\/types\/product"}],"replies":[{"embeddable":true,"href":"https:\/\/www.sinpeks.com\/rs\/wp-json\/wp\/v2\/comments?post=13795"}],"wp:featuredmedia":[{"embeddable":true,"href":"https:\/\/www.sinpeks.com\/rs\/wp-json\/wp\/v2\/media\/19439"}],"wp:attachment":[{"href":"https:\/\/www.sinpeks.com\/rs\/wp-json\/wp\/v2\/media?parent=13795"}],"wp:term":[{"taxonomy":"product_cat","embeddable":true,"href":"https:\/\/www.sinpeks.com\/rs\/wp-json\/wp\/v2\/product_cat?post=13795"},{"taxonomy":"product_tag","embeddable":true,"href":"https:\/\/www.sinpeks.com\/rs\/wp-json\/wp\/v2\/product_tag?post=13795"}],"curies":[{"name":"wp","href":"https:\/\/api.w.org\/{rel}","templated":true}]}}