{"id":13794,"date":"2025-01-20T18:22:22","date_gmt":"2025-01-20T18:22:22","guid":{"rendered":"https:\/\/www.sinpeks.com\/rs\/p\/akumulatorska-kruzna-testera-165mm-elcs1652-emtop\/"},"modified":"2026-04-23T09:25:08","modified_gmt":"2026-04-23T09:25:08","slug":"akumulatorska-kruzna-testera-165mm-elcs1652-emtop","status":"publish","type":"product","link":"https:\/\/www.sinpeks.com\/rs\/p\/akumulatorska-kruzna-testera-165mm-elcs1652-emtop\/","title":{"rendered":"Akumulatorska kru\u017ena testera 165mm ELCS1652 Emtop"},"content":{"rendered":"<p>Akumulatorska kru\u017ena testera 165 mm ELCS1652 Emtop sa BL motorom bez \u010detkica i pre\u010dnikom diska od 165 mm (6-1\/2&#8220;). Mogu\u0107e je podesiti dubinu i ugao se\u010denja. Ide sa diskom od 165 mm. *Napomena: Ma\u0161ina je bez akumulatora i punja\u010da. Na nju odgovaraju svi 20 V (P20S) Emtop akumulatori i punja\u010di.<\/p>\n","protected":false},"excerpt":{"rendered":"<p>Akumulatorska kru\u017ena testera 165 mm ELCS1652 Emtop sa BL motorom bez \u010detkica i pre\u010dnikom diska od 165 mm (6-1\/2&#8220;). Mogu\u0107e je podesiti dubinu i ugao se\u010denja. Ide sa diskom od 165 mm. *Napomena: Ma\u0161ina je bez akumulatora i punja\u010da. Na nju odgovaraju svi 20 V (P20S) Emtop akumulatori i punja\u010di.<\/p>\n","protected":false},"featured_media":19438,"comment_status":"open","ping_status":"closed","template":"","meta":{"_acf_changed":false},"product_cat":[3759,5293],"product_tag":[],"class_list":{"0":"post-13794","1":"product","2":"type-product","3":"status-publish","4":"has-post-thumbnail","6":"product_cat-aku-testere","7":"product_cat-emtop-akcija","8":"product_shipping_class-alati-masine-makedonija","9":"pa_b-emtop","10":"pa_market-ba","11":"pa_market-mk","12":"pa_market-rs","14":"first","15":"instock","16":"sale","17":"taxable","18":"shipping-taxable","19":"purchasable","20":"product-type-simple"},"acf":[],"seolaxy_ctr_woo_product_custom_meta_description_content":"","_links":{"self":[{"href":"https:\/\/www.sinpeks.com\/rs\/wp-json\/wp\/v2\/product\/13794","targetHints":{"allow":["GET"]}}],"collection":[{"href":"https:\/\/www.sinpeks.com\/rs\/wp-json\/wp\/v2\/product"}],"about":[{"href":"https:\/\/www.sinpeks.com\/rs\/wp-json\/wp\/v2\/types\/product"}],"replies":[{"embeddable":true,"href":"https:\/\/www.sinpeks.com\/rs\/wp-json\/wp\/v2\/comments?post=13794"}],"wp:featuredmedia":[{"embeddable":true,"href":"https:\/\/www.sinpeks.com\/rs\/wp-json\/wp\/v2\/media\/19438"}],"wp:attachment":[{"href":"https:\/\/www.sinpeks.com\/rs\/wp-json\/wp\/v2\/media?parent=13794"}],"wp:term":[{"taxonomy":"product_cat","embeddable":true,"href":"https:\/\/www.sinpeks.com\/rs\/wp-json\/wp\/v2\/product_cat?post=13794"},{"taxonomy":"product_tag","embeddable":true,"href":"https:\/\/www.sinpeks.com\/rs\/wp-json\/wp\/v2\/product_tag?post=13794"}],"curies":[{"name":"wp","href":"https:\/\/api.w.org\/{rel}","templated":true}]}}