{"id":13792,"date":"2025-01-20T18:22:22","date_gmt":"2025-01-20T18:22:22","guid":{"rendered":"https:\/\/www.sinpeks.com\/rs\/p\/akumulatorska-rucna-kruzna-testera-140mm-elcs14021-emtop\/"},"modified":"2026-04-22T08:56:41","modified_gmt":"2026-04-22T08:56:41","slug":"akumulatorska-rucna-kruzna-testera-140mm-elcs14021-emtop","status":"publish","type":"product","link":"https:\/\/www.sinpeks.com\/rs\/p\/akumulatorska-rucna-kruzna-testera-140mm-elcs14021-emtop\/","title":{"rendered":"Akumulatorska ru\u010dna kru\u017ena testera 140mm ELCS14021 Emtop"},"content":{"rendered":"<p>Akumulatorska ru\u010dna kru\u017ena testera ELCS14021 Emtop sa BL motorom bez \u010detkica. Mogu\u0107e je podesiti dubinu i ugao se\u010denja. Dolazi u kompletu sa litijumskom baterijom od 4 Ah i diskom od 140 mm.<\/p>\n","protected":false},"excerpt":{"rendered":"<p>Akumulatorska ru\u010dna kru\u017ena testera ELCS14021 Emtop sa BL motorom bez \u010detkica. Mogu\u0107e je podesiti dubinu i ugao se\u010denja. Dolazi u kompletu sa litijumskom baterijom od 4 Ah i diskom od 140 mm.<\/p>\n","protected":false},"featured_media":19436,"comment_status":"open","ping_status":"closed","template":"","meta":{"_acf_changed":false},"product_cat":[3759,5293],"product_tag":[],"class_list":{"0":"post-13792","1":"product","2":"type-product","3":"status-publish","4":"has-post-thumbnail","6":"product_cat-aku-testere","7":"product_cat-emtop-akcija","8":"product_shipping_class-alati-masine-makedonija","9":"pa_b-emtop","10":"pa_market-ba","11":"pa_market-mk","12":"pa_market-rs","14":"first","15":"instock","16":"sale","17":"taxable","18":"shipping-taxable","19":"purchasable","20":"product-type-simple"},"acf":[],"seolaxy_ctr_woo_product_custom_meta_description_content":"","_links":{"self":[{"href":"https:\/\/www.sinpeks.com\/rs\/wp-json\/wp\/v2\/product\/13792","targetHints":{"allow":["GET"]}}],"collection":[{"href":"https:\/\/www.sinpeks.com\/rs\/wp-json\/wp\/v2\/product"}],"about":[{"href":"https:\/\/www.sinpeks.com\/rs\/wp-json\/wp\/v2\/types\/product"}],"replies":[{"embeddable":true,"href":"https:\/\/www.sinpeks.com\/rs\/wp-json\/wp\/v2\/comments?post=13792"}],"wp:featuredmedia":[{"embeddable":true,"href":"https:\/\/www.sinpeks.com\/rs\/wp-json\/wp\/v2\/media\/19436"}],"wp:attachment":[{"href":"https:\/\/www.sinpeks.com\/rs\/wp-json\/wp\/v2\/media?parent=13792"}],"wp:term":[{"taxonomy":"product_cat","embeddable":true,"href":"https:\/\/www.sinpeks.com\/rs\/wp-json\/wp\/v2\/product_cat?post=13792"},{"taxonomy":"product_tag","embeddable":true,"href":"https:\/\/www.sinpeks.com\/rs\/wp-json\/wp\/v2\/product_tag?post=13792"}],"curies":[{"name":"wp","href":"https:\/\/api.w.org\/{rel}","templated":true}]}}