{"id":13789,"date":"2025-01-20T18:22:21","date_gmt":"2025-01-20T18:22:21","guid":{"rendered":"https:\/\/www.sinpeks.com\/rs\/p\/akumulatorska-ubodna-testera-elgs208501-emtop\/"},"modified":"2026-04-24T11:23:19","modified_gmt":"2026-04-24T11:23:19","slug":"akumulatorska-ubodna-testera-elgs208501-emtop","status":"publish","type":"product","link":"https:\/\/www.sinpeks.com\/rs\/p\/akumulatorska-ubodna-testera-elgs208501-emtop\/","title":{"rendered":"Akumulatorska ubodna testera ELGS208501 Emtop"},"content":{"rendered":"<p>Akumulatorska ubodna testera ELGS208501 Emtop koja mo\u017ee da koristi sve 20V litijumske baterije iz Emtop-a. Kao dodatak dolazi sa kompletom od 5 no\u017eeva. *Napomena: Ma\u0161ina je bez akumulatora i punja\u010da.Na nju odgovaraju svi 20 V (P20S) Emtop akumulatori i punja\u010di.<\/p>\n","protected":false},"excerpt":{"rendered":"<p>Akumulatorska ubodna testera ELGS208501 Emtop koja mo\u017ee da koristi sve 20V litijumske baterije iz Emtop-a. Kao dodatak dolazi sa kompletom od 5 no\u017eeva. *Napomena: Ma\u0161ina je bez akumulatora i punja\u010da.Na nju odgovaraju svi 20 V (P20S) Emtop akumulatori i punja\u010di.<\/p>\n","protected":false},"featured_media":19433,"comment_status":"open","ping_status":"closed","template":"","meta":{"_acf_changed":false},"product_cat":[3759,5293],"product_tag":[],"class_list":{"0":"post-13789","1":"product","2":"type-product","3":"status-publish","4":"has-post-thumbnail","6":"product_cat-aku-testere","7":"product_cat-emtop-akcija","8":"pa_b-emtop","9":"pa_market-ba","10":"pa_market-mk","11":"pa_market-rs","13":"first","14":"instock","15":"sale","16":"taxable","17":"shipping-taxable","18":"purchasable","19":"product-type-simple"},"acf":[],"seolaxy_ctr_woo_product_custom_meta_description_content":"","_links":{"self":[{"href":"https:\/\/www.sinpeks.com\/rs\/wp-json\/wp\/v2\/product\/13789","targetHints":{"allow":["GET"]}}],"collection":[{"href":"https:\/\/www.sinpeks.com\/rs\/wp-json\/wp\/v2\/product"}],"about":[{"href":"https:\/\/www.sinpeks.com\/rs\/wp-json\/wp\/v2\/types\/product"}],"replies":[{"embeddable":true,"href":"https:\/\/www.sinpeks.com\/rs\/wp-json\/wp\/v2\/comments?post=13789"}],"wp:featuredmedia":[{"embeddable":true,"href":"https:\/\/www.sinpeks.com\/rs\/wp-json\/wp\/v2\/media\/19433"}],"wp:attachment":[{"href":"https:\/\/www.sinpeks.com\/rs\/wp-json\/wp\/v2\/media?parent=13789"}],"wp:term":[{"taxonomy":"product_cat","embeddable":true,"href":"https:\/\/www.sinpeks.com\/rs\/wp-json\/wp\/v2\/product_cat?post=13789"},{"taxonomy":"product_tag","embeddable":true,"href":"https:\/\/www.sinpeks.com\/rs\/wp-json\/wp\/v2\/product_tag?post=13789"}],"curies":[{"name":"wp","href":"https:\/\/api.w.org\/{rel}","templated":true}]}}