{"id":13786,"date":"2025-01-20T18:22:21","date_gmt":"2025-01-20T18:22:21","guid":{"rendered":"https:\/\/www.sinpeks.com\/rs\/p\/akumulatorski-udarni-odvijac-eciwl2040-emtop\/"},"modified":"2026-04-27T11:46:12","modified_gmt":"2026-04-27T11:46:12","slug":"akumulatorski-udarni-odvijac-eciwl2040-emtop","status":"publish","type":"product","link":"https:\/\/www.sinpeks.com\/rs\/p\/akumulatorski-udarni-odvijac-eciwl2040-emtop\/","title":{"rendered":"Akumulatorski udarni odvija\u010d  ECIWL2040 Emtop"},"content":{"rendered":"<p>Akumulatorski udarni odvija\u010d ECIWL2040 Emtop \u00a0sa 2 2 Ah litijumske baterije i motorom bez \u010detkica. Ima obrtni moment od 400 Nm pri zavrtanju i 550 Nm pri odvrtanju, LED radno svetlo i kao dodatak 3 nasadna klju\u010da (17,19,21mm). Dolazi sa koferom za skladi\u0161tenje i transport.<\/p>\n","protected":false},"excerpt":{"rendered":"<p>Akumulatorski udarni odvija\u010d ECIWL2040 Emtop \u00a0sa 2 2 Ah litijumske baterije i motorom bez \u010detkica. Ima obrtni moment od 400 Nm pri zavrtanju i 550 Nm pri odvrtanju, LED radno svetlo i kao dodatak 3 nasadna klju\u010da (17,19,21mm). Dolazi sa koferom za skladi\u0161tenje i transport.<\/p>\n","protected":false},"featured_media":19430,"comment_status":"open","ping_status":"closed","template":"","meta":{"_acf_changed":false},"product_cat":[204,5293],"product_tag":[],"class_list":{"0":"post-13786","1":"product","2":"type-product","3":"status-publish","4":"has-post-thumbnail","6":"product_cat-aku-srafilice","7":"product_cat-emtop-akcija","8":"product_shipping_class-alati-masine-srbija","9":"pa_b-emtop","10":"pa_market-ba","11":"pa_market-mk","12":"pa_market-rs","14":"first","15":"instock","16":"sale","17":"taxable","18":"shipping-taxable","19":"purchasable","20":"product-type-simple"},"acf":[],"seolaxy_ctr_woo_product_custom_meta_description_content":"","_links":{"self":[{"href":"https:\/\/www.sinpeks.com\/rs\/wp-json\/wp\/v2\/product\/13786","targetHints":{"allow":["GET"]}}],"collection":[{"href":"https:\/\/www.sinpeks.com\/rs\/wp-json\/wp\/v2\/product"}],"about":[{"href":"https:\/\/www.sinpeks.com\/rs\/wp-json\/wp\/v2\/types\/product"}],"replies":[{"embeddable":true,"href":"https:\/\/www.sinpeks.com\/rs\/wp-json\/wp\/v2\/comments?post=13786"}],"wp:featuredmedia":[{"embeddable":true,"href":"https:\/\/www.sinpeks.com\/rs\/wp-json\/wp\/v2\/media\/19430"}],"wp:attachment":[{"href":"https:\/\/www.sinpeks.com\/rs\/wp-json\/wp\/v2\/media?parent=13786"}],"wp:term":[{"taxonomy":"product_cat","embeddable":true,"href":"https:\/\/www.sinpeks.com\/rs\/wp-json\/wp\/v2\/product_cat?post=13786"},{"taxonomy":"product_tag","embeddable":true,"href":"https:\/\/www.sinpeks.com\/rs\/wp-json\/wp\/v2\/product_tag?post=13786"}],"curies":[{"name":"wp","href":"https:\/\/api.w.org\/{rel}","templated":true}]}}