{"id":13785,"date":"2025-01-20T18:22:20","date_gmt":"2025-01-20T18:22:20","guid":{"rendered":"https:\/\/www.sinpeks.com\/rs\/p\/akumulatorski-udarni-odvijac-eciwl2050-emtop\/"},"modified":"2026-04-29T11:45:06","modified_gmt":"2026-04-29T11:45:06","slug":"akumulatorski-udarni-odvijac-eciwl2050-emtop","status":"publish","type":"product","link":"https:\/\/www.sinpeks.com\/rs\/p\/akumulatorski-udarni-odvijac-eciwl2050-emtop\/","title":{"rendered":"Akumulatorski udarni odvija\u010d ECIWL2050 Emtop"},"content":{"rendered":"<p>Akumulatorski udarni odvija\u010d ECIWL2050 Emtop sa 2\u0445 4 Ah litijumske baterije i motorom bez \u010detkica. Ima obrtni moment od 500 Nm pri zavrtanju i 650 Nm pri odvrtanju, LED radno svetlo i kao dodatak 3 nasadna klju\u010da (21,22,24mm). Dolazi sa kuferom za skladi\u0161tenje i transport.<\/p>\n","protected":false},"excerpt":{"rendered":"<p>Akumulatorski udarni odvija\u010d ECIWL2050 Emtop sa 2\u0445 4 Ah litijumske baterije i motorom bez \u010detkica. Ima obrtni moment od 500 Nm pri zavrtanju i 650 Nm pri odvrtanju, LED radno svetlo i kao dodatak 3 nasadna klju\u010da (21,22,24mm). Dolazi sa kuferom za skladi\u0161tenje i transport.<\/p>\n","protected":false},"featured_media":19429,"comment_status":"open","ping_status":"closed","template":"","meta":{"_acf_changed":false},"product_cat":[204,5293],"product_tag":[],"class_list":{"0":"post-13785","1":"product","2":"type-product","3":"status-publish","4":"has-post-thumbnail","6":"product_cat-aku-srafilice","7":"product_cat-emtop-akcija","8":"product_shipping_class-alati-masine-srbija","9":"pa_b-emtop","10":"pa_market-ba","11":"pa_market-mk","12":"pa_market-rs","14":"first","15":"instock","16":"sale","17":"taxable","18":"shipping-taxable","19":"purchasable","20":"product-type-simple"},"acf":[],"seolaxy_ctr_woo_product_custom_meta_description_content":"","_links":{"self":[{"href":"https:\/\/www.sinpeks.com\/rs\/wp-json\/wp\/v2\/product\/13785","targetHints":{"allow":["GET"]}}],"collection":[{"href":"https:\/\/www.sinpeks.com\/rs\/wp-json\/wp\/v2\/product"}],"about":[{"href":"https:\/\/www.sinpeks.com\/rs\/wp-json\/wp\/v2\/types\/product"}],"replies":[{"embeddable":true,"href":"https:\/\/www.sinpeks.com\/rs\/wp-json\/wp\/v2\/comments?post=13785"}],"wp:featuredmedia":[{"embeddable":true,"href":"https:\/\/www.sinpeks.com\/rs\/wp-json\/wp\/v2\/media\/19429"}],"wp:attachment":[{"href":"https:\/\/www.sinpeks.com\/rs\/wp-json\/wp\/v2\/media?parent=13785"}],"wp:term":[{"taxonomy":"product_cat","embeddable":true,"href":"https:\/\/www.sinpeks.com\/rs\/wp-json\/wp\/v2\/product_cat?post=13785"},{"taxonomy":"product_tag","embeddable":true,"href":"https:\/\/www.sinpeks.com\/rs\/wp-json\/wp\/v2\/product_tag?post=13785"}],"curies":[{"name":"wp","href":"https:\/\/api.w.org\/{rel}","templated":true}]}}