{"id":13783,"date":"2025-01-20T18:22:20","date_gmt":"2025-01-20T18:22:20","guid":{"rendered":"https:\/\/www.sinpeks.com\/rs\/p\/akumulatorska-busilica-odvijac-ecidl6200128-emtop\/"},"modified":"2026-04-23T09:25:08","modified_gmt":"2026-04-23T09:25:08","slug":"akumulatorska-busilica-odvijac-ecidl6200128-emtop","status":"publish","type":"product","link":"https:\/\/www.sinpeks.com\/rs\/p\/akumulatorska-busilica-odvijac-ecidl6200128-emtop\/","title":{"rendered":"Akumulatorska bu\u0161ilica-odvija\u010d  ECIDL6200128 Emtop"},"content":{"rendered":"<p>Akumulatorska\u00a0bu\u0161ilica-odvija\u010d u kompletu sa 2 baterije i punja\u010dem i udarnom funkcijom . Ima maksimalni obrtni moment od 45 Nm i upakovana je u kofer zajedno sa 55 komada pribora za rad i 3 burgije.<\/p>\n","protected":false},"excerpt":{"rendered":"<p>Akumulatorska\u00a0bu\u0161ilica-odvija\u010d u kompletu sa 2 baterije i punja\u010dem i udarnom funkcijom . Ima maksimalni obrtni moment od 45 Nm i upakovana je u kofer zajedno sa 55 komada pribora za rad i 3 burgije.<\/p>\n","protected":false},"featured_media":19427,"comment_status":"open","ping_status":"closed","template":"","meta":{"_acf_changed":false},"product_cat":[202,5293],"product_tag":[],"class_list":{"0":"post-13783","1":"product","2":"type-product","3":"status-publish","4":"has-post-thumbnail","6":"product_cat-busilice-odvijaci","7":"product_cat-emtop-akcija","8":"product_shipping_class-alati-masine-makedonija","9":"pa_b-emtop","10":"pa_market-ba","11":"pa_market-mk","12":"pa_market-rs","14":"first","15":"instock","16":"sale","17":"taxable","18":"shipping-taxable","19":"purchasable","20":"product-type-simple"},"acf":[],"seolaxy_ctr_woo_product_custom_meta_description_content":"","_links":{"self":[{"href":"https:\/\/www.sinpeks.com\/rs\/wp-json\/wp\/v2\/product\/13783","targetHints":{"allow":["GET"]}}],"collection":[{"href":"https:\/\/www.sinpeks.com\/rs\/wp-json\/wp\/v2\/product"}],"about":[{"href":"https:\/\/www.sinpeks.com\/rs\/wp-json\/wp\/v2\/types\/product"}],"replies":[{"embeddable":true,"href":"https:\/\/www.sinpeks.com\/rs\/wp-json\/wp\/v2\/comments?post=13783"}],"wp:featuredmedia":[{"embeddable":true,"href":"https:\/\/www.sinpeks.com\/rs\/wp-json\/wp\/v2\/media\/19427"}],"wp:attachment":[{"href":"https:\/\/www.sinpeks.com\/rs\/wp-json\/wp\/v2\/media?parent=13783"}],"wp:term":[{"taxonomy":"product_cat","embeddable":true,"href":"https:\/\/www.sinpeks.com\/rs\/wp-json\/wp\/v2\/product_cat?post=13783"},{"taxonomy":"product_tag","embeddable":true,"href":"https:\/\/www.sinpeks.com\/rs\/wp-json\/wp\/v2\/product_tag?post=13783"}],"curies":[{"name":"wp","href":"https:\/\/api.w.org\/{rel}","templated":true}]}}