{"id":13782,"date":"2025-01-20T18:22:20","date_gmt":"2025-01-20T18:22:20","guid":{"rendered":"https:\/\/www.sinpeks.com\/rs\/p\/akumulatorska-busilica-odvijac-ecdl206021-emtop\/"},"modified":"2026-04-16T14:18:12","modified_gmt":"2026-04-16T14:18:12","slug":"akumulatorska-busilica-odvijac-ecdl206021-emtop","status":"publish","type":"product","link":"https:\/\/www.sinpeks.com\/rs\/p\/akumulatorska-busilica-odvijac-ecdl206021-emtop\/","title":{"rendered":"Akumulatorska bu\u0161ilica-odvija\u010d ECDL206021 Emtop"},"content":{"rendered":"<p>Akumulatorska bu\u0161ilica-odvija\u010d Emtop sa motorom bez \u010detkica i 2 mehani\u010dke brzine. Opremljen\u0430 je radnim LED svetlom i Cr-V 65mm bitom. *Napomena: Ma\u0161ina je bez akumulatora i punja\u010da.Na nju odgovaraju svi 20 V (P20S) Emtop akumulatori i punja\u010di.<\/p>\n","protected":false},"excerpt":{"rendered":"<p>Akumulatorska bu\u0161ilica-odvija\u010d Emtop sa motorom bez \u010detkica i 2 mehani\u010dke brzine. Opremljen\u0430 je radnim LED svetlom i Cr-V 65mm bitom. *Napomena: Ma\u0161ina je bez akumulatora i punja\u010da.Na nju odgovaraju svi 20 V (P20S) Emtop akumulatori i punja\u010di.<\/p>\n","protected":false},"featured_media":19426,"comment_status":"open","ping_status":"closed","template":"","meta":{"_acf_changed":false},"product_cat":[202,5293],"product_tag":[],"class_list":{"0":"post-13782","1":"product","2":"type-product","3":"status-publish","4":"has-post-thumbnail","6":"product_cat-busilice-odvijaci","7":"product_cat-emtop-akcija","8":"product_shipping_class-alati-masine-makedonija","9":"pa_b-emtop","10":"pa_market-ba","11":"pa_market-mk","12":"pa_market-rs","14":"first","15":"outofstock","16":"sale","17":"taxable","18":"shipping-taxable","19":"purchasable","20":"product-type-simple"},"acf":[],"seolaxy_ctr_woo_product_custom_meta_description_content":"","_links":{"self":[{"href":"https:\/\/www.sinpeks.com\/rs\/wp-json\/wp\/v2\/product\/13782","targetHints":{"allow":["GET"]}}],"collection":[{"href":"https:\/\/www.sinpeks.com\/rs\/wp-json\/wp\/v2\/product"}],"about":[{"href":"https:\/\/www.sinpeks.com\/rs\/wp-json\/wp\/v2\/types\/product"}],"replies":[{"embeddable":true,"href":"https:\/\/www.sinpeks.com\/rs\/wp-json\/wp\/v2\/comments?post=13782"}],"wp:featuredmedia":[{"embeddable":true,"href":"https:\/\/www.sinpeks.com\/rs\/wp-json\/wp\/v2\/media\/19426"}],"wp:attachment":[{"href":"https:\/\/www.sinpeks.com\/rs\/wp-json\/wp\/v2\/media?parent=13782"}],"wp:term":[{"taxonomy":"product_cat","embeddable":true,"href":"https:\/\/www.sinpeks.com\/rs\/wp-json\/wp\/v2\/product_cat?post=13782"},{"taxonomy":"product_tag","embeddable":true,"href":"https:\/\/www.sinpeks.com\/rs\/wp-json\/wp\/v2\/product_tag?post=13782"}],"curies":[{"name":"wp","href":"https:\/\/api.w.org\/{rel}","templated":true}]}}