{"id":13777,"date":"2025-01-20T18:22:19","date_gmt":"2025-01-20T18:22:19","guid":{"rendered":"https:\/\/www.sinpeks.com\/rs\/p\/akumulatorska-busilica-odvijac-ecidl12620-emtop\/"},"modified":"2026-04-24T11:23:19","modified_gmt":"2026-04-24T11:23:19","slug":"akumulatorska-busilica-odvijac-ecidl12620-emtop","status":"publish","type":"product","link":"https:\/\/www.sinpeks.com\/rs\/p\/akumulatorska-busilica-odvijac-ecidl12620-emtop\/","title":{"rendered":"Akumulatorska bu\u0161ilica-odvija\u010d ECIDL12620 Emtop"},"content":{"rendered":"<p>Akumulatorska bu\u0161ilica ECDL12620 Emtop sa 2 litijumske baterije od 12 V, 1,5 Ah sa dve mehani\u010dke radne brzine. Ima radnu LED lampicu, LED indikator stanja baterije i kao dodatnu opremu 50 komada pribora kao \u0161to su burgije, bitovi, adapter, \u0161rafovi. Proizvod dolazi sa kofer za skladi\u0161tenje i transport. *Upozorenje. Punja\u010d baterija se prodaje zasebno (USB C-tip).<\/p>\n","protected":false},"excerpt":{"rendered":"<p>Akumulatorska bu\u0161ilica ECDL12620 Emtop sa 2 litijumske baterije od 12 V, 1,5 Ah sa dve mehani\u010dke radne brzine. Ima radnu LED lampicu, LED indikator stanja baterije i kao dodatnu opremu 50 komada pribora kao \u0161to su burgije, bitovi, adapter, \u0161rafovi. Proizvod dolazi sa kofer za skladi\u0161tenje i transport. *Upozorenje. Punja\u010d baterija se prodaje zasebno (USB [&hellip;]<\/p>\n","protected":false},"featured_media":19422,"comment_status":"open","ping_status":"closed","template":"","meta":{"_acf_changed":false},"product_cat":[202,5293],"product_tag":[],"class_list":{"0":"post-13777","1":"product","2":"type-product","3":"status-publish","4":"has-post-thumbnail","6":"product_cat-busilice-odvijaci","7":"product_cat-emtop-akcija","8":"product_shipping_class-alati-masine-srbija","9":"pa_b-emtop","10":"pa_market-ba","11":"pa_market-mk","12":"pa_market-rs","14":"first","15":"instock","16":"sale","17":"taxable","18":"shipping-taxable","19":"purchasable","20":"product-type-simple"},"acf":[],"seolaxy_ctr_woo_product_custom_meta_description_content":"","_links":{"self":[{"href":"https:\/\/www.sinpeks.com\/rs\/wp-json\/wp\/v2\/product\/13777","targetHints":{"allow":["GET"]}}],"collection":[{"href":"https:\/\/www.sinpeks.com\/rs\/wp-json\/wp\/v2\/product"}],"about":[{"href":"https:\/\/www.sinpeks.com\/rs\/wp-json\/wp\/v2\/types\/product"}],"replies":[{"embeddable":true,"href":"https:\/\/www.sinpeks.com\/rs\/wp-json\/wp\/v2\/comments?post=13777"}],"wp:featuredmedia":[{"embeddable":true,"href":"https:\/\/www.sinpeks.com\/rs\/wp-json\/wp\/v2\/media\/19422"}],"wp:attachment":[{"href":"https:\/\/www.sinpeks.com\/rs\/wp-json\/wp\/v2\/media?parent=13777"}],"wp:term":[{"taxonomy":"product_cat","embeddable":true,"href":"https:\/\/www.sinpeks.com\/rs\/wp-json\/wp\/v2\/product_cat?post=13777"},{"taxonomy":"product_tag","embeddable":true,"href":"https:\/\/www.sinpeks.com\/rs\/wp-json\/wp\/v2\/product_tag?post=13777"}],"curies":[{"name":"wp","href":"https:\/\/api.w.org\/{rel}","templated":true}]}}