{"id":13770,"date":"2025-01-20T18:22:17","date_gmt":"2025-01-20T18:22:17","guid":{"rendered":"https:\/\/www.sinpeks.com\/rs\/p\/akumulatorska-busilica-cekic-elrh202081-emtop\/"},"modified":"2026-04-23T09:19:24","modified_gmt":"2026-04-23T09:19:24","slug":"akumulatorska-busilica-cekic-elrh202081-emtop","status":"publish","type":"product","link":"https:\/\/www.sinpeks.com\/rs\/p\/akumulatorska-busilica-cekic-elrh202081-emtop\/","title":{"rendered":"Akumulatorska bu\u0161ilica-\u010deki\u0107 ELRH202081 Emtop"},"content":{"rendered":"<p>Akumulatorska bu\u0161ilica-\u010deki\u0107 ELRH202081 Emtop sa litijumskom baterijom od 4 Ah, sna\u017enim motorom bez \u010detkica i udarnom energijom od 2,0 J. Set uklju\u010duje 3 burgije i dleto. Opremljen je radnim LED svetlom i koferom za skladi\u0161tenje i transport.<\/p>\n","protected":false},"excerpt":{"rendered":"<p>Akumulatorska bu\u0161ilica-\u010deki\u0107 ELRH202081 Emtop sa litijumskom baterijom od 4 Ah, sna\u017enim motorom bez \u010detkica i udarnom energijom od 2,0 J. Set uklju\u010duje 3 burgije i dleto. Opremljen je radnim LED svetlom i koferom za skladi\u0161tenje i transport.<\/p>\n","protected":false},"featured_media":19414,"comment_status":"open","ping_status":"closed","template":"","meta":{"_acf_changed":false},"product_cat":[206,5293],"product_tag":[],"class_list":{"0":"post-13770","1":"product","2":"type-product","3":"status-publish","4":"has-post-thumbnail","6":"product_cat-elektro-pneumatski-cekici","7":"product_cat-emtop-akcija","8":"product_shipping_class-alati-masine-makedonija","9":"pa_b-emtop","10":"pa_market-ba","11":"pa_market-mk","12":"pa_market-rs","14":"first","15":"outofstock","16":"sale","17":"taxable","18":"shipping-taxable","19":"purchasable","20":"product-type-simple"},"acf":[],"seolaxy_ctr_woo_product_custom_meta_description_content":"","_links":{"self":[{"href":"https:\/\/www.sinpeks.com\/rs\/wp-json\/wp\/v2\/product\/13770","targetHints":{"allow":["GET"]}}],"collection":[{"href":"https:\/\/www.sinpeks.com\/rs\/wp-json\/wp\/v2\/product"}],"about":[{"href":"https:\/\/www.sinpeks.com\/rs\/wp-json\/wp\/v2\/types\/product"}],"replies":[{"embeddable":true,"href":"https:\/\/www.sinpeks.com\/rs\/wp-json\/wp\/v2\/comments?post=13770"}],"wp:featuredmedia":[{"embeddable":true,"href":"https:\/\/www.sinpeks.com\/rs\/wp-json\/wp\/v2\/media\/19414"}],"wp:attachment":[{"href":"https:\/\/www.sinpeks.com\/rs\/wp-json\/wp\/v2\/media?parent=13770"}],"wp:term":[{"taxonomy":"product_cat","embeddable":true,"href":"https:\/\/www.sinpeks.com\/rs\/wp-json\/wp\/v2\/product_cat?post=13770"},{"taxonomy":"product_tag","embeddable":true,"href":"https:\/\/www.sinpeks.com\/rs\/wp-json\/wp\/v2\/product_tag?post=13770"}],"curies":[{"name":"wp","href":"https:\/\/api.w.org\/{rel}","templated":true}]}}