{"id":13766,"date":"2025-01-20T18:22:16","date_gmt":"2025-01-20T18:22:16","guid":{"rendered":"https:\/\/www.sinpeks.com\/rs\/p\/akumulatorska-busilica-cekic-elrh20228-emtop\/"},"modified":"2026-04-23T09:15:35","modified_gmt":"2026-04-23T09:15:35","slug":"akumulatorska-busilica-cekic-elrh20228-emtop","status":"publish","type":"product","link":"https:\/\/www.sinpeks.com\/rs\/p\/akumulatorska-busilica-cekic-elrh20228-emtop\/","title":{"rendered":"Akumulatorska bu\u0161ilica-\u010deki\u0107 ELRH20228 Emtop"},"content":{"rendered":"<p>Akumulatorska bu\u0161ilica-\u010deki\u0107 ELRH20228 Emtop sa sna\u017enim motorom bez \u010detkica i udarnom energijom od 2,5 J. Set uklju\u010duje 3 burgije i \u0161iljasto dleto. Opremljen je radnim LED svetlom.<\/p>\n<p>*Napomena: Ma\u0161ina je bez akumulatora i punja\u010da. Na nju odgovaraju svi 20 V Emtop akumulatori i punja\u010di.<\/p>\n","protected":false},"excerpt":{"rendered":"<p>Akumulatorska bu\u0161ilica-\u010deki\u0107 ELRH20228 Emtop sa sna\u017enim motorom bez \u010detkica i udarnom energijom od 2,5 J. Set uklju\u010duje 3 burgije i \u0161iljasto dleto. Opremljen je radnim LED svetlom. *Napomena: Ma\u0161ina je bez akumulatora i punja\u010da. Na nju odgovaraju svi 20 V Emtop akumulatori i punja\u010di.<\/p>\n","protected":false},"featured_media":19410,"comment_status":"open","ping_status":"closed","template":"","meta":{"_acf_changed":false},"product_cat":[206,5293],"product_tag":[],"class_list":{"0":"post-13766","1":"product","2":"type-product","3":"status-publish","4":"has-post-thumbnail","6":"product_cat-elektro-pneumatski-cekici","7":"product_cat-emtop-akcija","8":"product_shipping_class-alati-masine-makedonija","9":"pa_b-emtop","10":"pa_market-ba","11":"pa_market-mk","12":"pa_market-rs","14":"first","15":"instock","16":"sale","17":"taxable","18":"shipping-taxable","19":"purchasable","20":"product-type-simple"},"acf":[],"seolaxy_ctr_woo_product_custom_meta_description_content":"","_links":{"self":[{"href":"https:\/\/www.sinpeks.com\/rs\/wp-json\/wp\/v2\/product\/13766","targetHints":{"allow":["GET"]}}],"collection":[{"href":"https:\/\/www.sinpeks.com\/rs\/wp-json\/wp\/v2\/product"}],"about":[{"href":"https:\/\/www.sinpeks.com\/rs\/wp-json\/wp\/v2\/types\/product"}],"replies":[{"embeddable":true,"href":"https:\/\/www.sinpeks.com\/rs\/wp-json\/wp\/v2\/comments?post=13766"}],"wp:featuredmedia":[{"embeddable":true,"href":"https:\/\/www.sinpeks.com\/rs\/wp-json\/wp\/v2\/media\/19410"}],"wp:attachment":[{"href":"https:\/\/www.sinpeks.com\/rs\/wp-json\/wp\/v2\/media?parent=13766"}],"wp:term":[{"taxonomy":"product_cat","embeddable":true,"href":"https:\/\/www.sinpeks.com\/rs\/wp-json\/wp\/v2\/product_cat?post=13766"},{"taxonomy":"product_tag","embeddable":true,"href":"https:\/\/www.sinpeks.com\/rs\/wp-json\/wp\/v2\/product_tag?post=13766"}],"curies":[{"name":"wp","href":"https:\/\/api.w.org\/{rel}","templated":true}]}}