{"id":13764,"date":"2025-01-20T18:22:16","date_gmt":"2025-01-20T18:22:16","guid":{"rendered":"https:\/\/www.sinpeks.com\/rs\/p\/komplet-akumulatorskih-busilica-odvijac-i-udarni-odvijac-eckl20072-emtop\/"},"modified":"2026-03-06T14:37:40","modified_gmt":"2026-03-06T14:37:40","slug":"komplet-akumulatorskih-busilica-odvijac-i-udarni-odvijac-eckl20072-emtop","status":"publish","type":"product","link":"https:\/\/www.sinpeks.com\/rs\/p\/komplet-akumulatorskih-busilica-odvijac-i-udarni-odvijac-eckl20072-emtop\/","title":{"rendered":"Komplet akumulatorskih bu\u0161ilica-odvija\u010d i udarni odvija\u010d ECKL20072 Emtop"},"content":{"rendered":"<p>Set od 2 akumulatorska alata koji se sastoji od bu\u0161ilica-odvija\u010d i udarni odvija\u010d, 2 litijumske baterije od 2 Ah i 3 nasadna klju\u010da (17,19,21mm). Upakovane su u kofer za skladi\u0161tenje i transport.<\/p>\n","protected":false},"excerpt":{"rendered":"<p>Set od 2 akumulatorska alata koji se sastoji od bu\u0161ilica-odvija\u010d i udarni odvija\u010d, 2 litijumske baterije od 2 Ah i 3 nasadna klju\u010da (17,19,21mm). Upakovane su u kofer za skladi\u0161tenje i transport.<\/p>\n","protected":false},"featured_media":19408,"comment_status":"open","ping_status":"closed","template":"","meta":{"_acf_changed":false},"product_cat":[202,5293],"product_tag":[],"class_list":{"0":"post-13764","1":"product","2":"type-product","3":"status-publish","4":"has-post-thumbnail","6":"product_cat-busilice-odvijaci","7":"product_cat-emtop-akcija","8":"product_shipping_class-alati-masine-makedonija","9":"pa_b-emtop","10":"pa_market-ba","11":"pa_market-mk","12":"pa_market-rs","14":"first","15":"outofstock","16":"sale","17":"taxable","18":"shipping-taxable","19":"purchasable","20":"product-type-simple"},"acf":[],"seolaxy_ctr_woo_product_custom_meta_description_content":"","_links":{"self":[{"href":"https:\/\/www.sinpeks.com\/rs\/wp-json\/wp\/v2\/product\/13764","targetHints":{"allow":["GET"]}}],"collection":[{"href":"https:\/\/www.sinpeks.com\/rs\/wp-json\/wp\/v2\/product"}],"about":[{"href":"https:\/\/www.sinpeks.com\/rs\/wp-json\/wp\/v2\/types\/product"}],"replies":[{"embeddable":true,"href":"https:\/\/www.sinpeks.com\/rs\/wp-json\/wp\/v2\/comments?post=13764"}],"wp:featuredmedia":[{"embeddable":true,"href":"https:\/\/www.sinpeks.com\/rs\/wp-json\/wp\/v2\/media\/19408"}],"wp:attachment":[{"href":"https:\/\/www.sinpeks.com\/rs\/wp-json\/wp\/v2\/media?parent=13764"}],"wp:term":[{"taxonomy":"product_cat","embeddable":true,"href":"https:\/\/www.sinpeks.com\/rs\/wp-json\/wp\/v2\/product_cat?post=13764"},{"taxonomy":"product_tag","embeddable":true,"href":"https:\/\/www.sinpeks.com\/rs\/wp-json\/wp\/v2\/product_tag?post=13764"}],"curies":[{"name":"wp","href":"https:\/\/api.w.org\/{rel}","templated":true}]}}