{"id":13762,"date":"2025-01-20T18:22:15","date_gmt":"2025-01-20T18:22:15","guid":{"rendered":"https:\/\/www.sinpeks.com\/rs\/p\/usisivac-75l-evcr2401-emtop\/"},"modified":"2026-05-16T00:49:32","modified_gmt":"2026-05-16T00:49:32","slug":"usisivac-75l-evcr2401-emtop","status":"publish","type":"product","link":"https:\/\/www.sinpeks.com\/rs\/p\/usisivac-75l-evcr2401-emtop\/","title":{"rendered":"Usisiva\u010d 75L EVCR2401 Emtop"},"content":{"rendered":"<p>Profesionalni usisiva\u010d sa dva motora i posudom od ner\u0111ajuc\u0301eg \u010delika kapaciteta 75l. Koristi se za suvo i mokro usisavanje i opremljen je priklju\u010dkom za alat, fleksibilnim crevom, malom i velikom \u010detkom za \u010di\u0161c\u0301enje i filterom.<\/p>\n","protected":false},"excerpt":{"rendered":"<p>Profesionalni usisiva\u010d sa dva motora i posudom od ner\u0111ajuc\u0301eg \u010delika kapaciteta 75l. Koristi se za suvo i mokro usisavanje i opremljen je priklju\u010dkom za alat, fleksibilnim crevom, malom i velikom \u010detkom za \u010di\u0161c\u0301enje i filterom.<\/p>\n","protected":false},"featured_media":15732,"comment_status":"open","ping_status":"closed","template":"","meta":{"_acf_changed":false},"product_cat":[5293,225],"product_tag":[],"class_list":{"0":"post-13762","1":"product","2":"type-product","3":"status-publish","4":"has-post-thumbnail","6":"product_cat-emtop-akcija","7":"product_cat-industrijski-usisivaci","8":"product_shipping_class-alati-masine-makedonija","9":"pa_b-emtop","10":"pa_broj-motora-sa-dva-motora","11":"pa_market-ba","12":"pa_market-mk","13":"pa_market-rs","14":"pa_rezervoar-75-l","15":"pa_snaga-motora-2400-w","17":"first","18":"instock","19":"sale","20":"taxable","21":"shipping-taxable","22":"purchasable","23":"product-type-simple"},"acf":[],"seolaxy_ctr_woo_product_custom_meta_description_content":"","_links":{"self":[{"href":"https:\/\/www.sinpeks.com\/rs\/wp-json\/wp\/v2\/product\/13762","targetHints":{"allow":["GET"]}}],"collection":[{"href":"https:\/\/www.sinpeks.com\/rs\/wp-json\/wp\/v2\/product"}],"about":[{"href":"https:\/\/www.sinpeks.com\/rs\/wp-json\/wp\/v2\/types\/product"}],"replies":[{"embeddable":true,"href":"https:\/\/www.sinpeks.com\/rs\/wp-json\/wp\/v2\/comments?post=13762"}],"wp:featuredmedia":[{"embeddable":true,"href":"https:\/\/www.sinpeks.com\/rs\/wp-json\/wp\/v2\/media\/15732"}],"wp:attachment":[{"href":"https:\/\/www.sinpeks.com\/rs\/wp-json\/wp\/v2\/media?parent=13762"}],"wp:term":[{"taxonomy":"product_cat","embeddable":true,"href":"https:\/\/www.sinpeks.com\/rs\/wp-json\/wp\/v2\/product_cat?post=13762"},{"taxonomy":"product_tag","embeddable":true,"href":"https:\/\/www.sinpeks.com\/rs\/wp-json\/wp\/v2\/product_tag?post=13762"}],"curies":[{"name":"wp","href":"https:\/\/api.w.org\/{rel}","templated":true}]}}