{"id":13758,"date":"2025-01-20T18:22:14","date_gmt":"2025-01-20T18:22:14","guid":{"rendered":"https:\/\/www.sinpeks.com\/rs\/p\/usisivac-za-pepeo-agrina-k-800v\/"},"modified":"2026-05-05T10:02:29","modified_gmt":"2026-05-05T10:02:29","slug":"usisivac-za-pepeo-agrina-k-800v","status":"publish","type":"product","link":"https:\/\/www.sinpeks.com\/rs\/p\/usisivac-za-pepeo-agrina-k-800v\/","title":{"rendered":"Usisiva\u010d za pepeo Agrina K-800W"},"content":{"rendered":"<p>Usisiva\u010d za \u010di\u0161c\u0301enje pepela sa kamina, pec\u0301i, pec\u0301i na drva i pelet, ro\u0161tilja itd. Poseduje moc\u0301an motor i filter koji ne dozvoljava ni najmanjim \u010desticama da prodre, a lako se pere i odr\u017eava. Dolazi sa metalnim, fleksibilnim crevom otpornim na toplotu i opremljen je funkcijom DUVANJA koja se mo\u017ee koristiti za paljenje ro\u0161tilja.<\/p>\n","protected":false},"excerpt":{"rendered":"<p>Usisiva\u010d za \u010di\u0161c\u0301enje pepela sa kamina, pec\u0301i, pec\u0301i na drva i pelet, ro\u0161tilja itd. Poseduje moc\u0301an motor i filter koji ne dozvoljava ni najmanjim \u010desticama da prodre, a lako se pere i odr\u017eava. Dolazi sa metalnim, fleksibilnim crevom otpornim na toplotu i opremljen je funkcijom DUVANJA koja se mo\u017ee koristiti za paljenje ro\u0161tilja.<\/p>\n","protected":false},"featured_media":15727,"comment_status":"open","ping_status":"closed","template":"","meta":{"_acf_changed":false},"product_cat":[225],"product_tag":[],"class_list":{"0":"post-13758","1":"product","2":"type-product","3":"status-publish","4":"has-post-thumbnail","6":"product_cat-industrijski-usisivaci","7":"product_shipping_class-alati-masine-makedonija","8":"pa_b-agrina","9":"pa_broj-motora-sa-jednim-motorom","10":"pa_market-ba","11":"pa_market-mk","12":"pa_market-rs","13":"pa_rezervoar-18-l","14":"pa_snaga-motora-800-w","16":"first","17":"instock","18":"sale","19":"taxable","20":"shipping-taxable","21":"purchasable","22":"product-type-simple"},"acf":[],"seolaxy_ctr_woo_product_custom_meta_description_content":"","_links":{"self":[{"href":"https:\/\/www.sinpeks.com\/rs\/wp-json\/wp\/v2\/product\/13758","targetHints":{"allow":["GET"]}}],"collection":[{"href":"https:\/\/www.sinpeks.com\/rs\/wp-json\/wp\/v2\/product"}],"about":[{"href":"https:\/\/www.sinpeks.com\/rs\/wp-json\/wp\/v2\/types\/product"}],"replies":[{"embeddable":true,"href":"https:\/\/www.sinpeks.com\/rs\/wp-json\/wp\/v2\/comments?post=13758"}],"wp:featuredmedia":[{"embeddable":true,"href":"https:\/\/www.sinpeks.com\/rs\/wp-json\/wp\/v2\/media\/15727"}],"wp:attachment":[{"href":"https:\/\/www.sinpeks.com\/rs\/wp-json\/wp\/v2\/media?parent=13758"}],"wp:term":[{"taxonomy":"product_cat","embeddable":true,"href":"https:\/\/www.sinpeks.com\/rs\/wp-json\/wp\/v2\/product_cat?post=13758"},{"taxonomy":"product_tag","embeddable":true,"href":"https:\/\/www.sinpeks.com\/rs\/wp-json\/wp\/v2\/product_tag?post=13758"}],"curies":[{"name":"wp","href":"https:\/\/api.w.org\/{rel}","templated":true}]}}