{"id":13757,"date":"2025-01-20T18:22:14","date_gmt":"2025-01-20T18:22:14","guid":{"rendered":"https:\/\/www.sinpeks.com\/rs\/p\/akumulatorski-usisivac-24v-gd24svk4dbaterija-4ah\/"},"modified":"2026-01-13T11:31:14","modified_gmt":"2026-01-13T11:31:14","slug":"akumulatorski-usisivac-24v-gd24svk4dbaterija-4ah","status":"publish","type":"product","link":"https:\/\/www.sinpeks.com\/rs\/p\/akumulatorski-usisivac-24v-gd24svk4dbaterija-4ah\/","title":{"rendered":"Akumulatorski usisiva\u010d 24V GD24SVK4D + baterija 4Ah"},"content":{"rendered":"<p>Vrhunski be\u017ei\u010dni usisiva\u010d sa sna\u017enim motorom bez \u010detkica koji pokrec\u0301e Greenworks baterija od 24 V. Baterija je kompatibilna sa svim 24V Greenworks alatima. Usisiva\u010d je opremljen LED lampom, HEPA filterom sa 99,97% filtracije i raznim dodacima koji odgovaraju potrebama svakog domac\u0301instva.<\/p>\n","protected":false},"excerpt":{"rendered":"<p>Vrhunski be\u017ei\u010dni usisiva\u010d sa sna\u017enim motorom bez \u010detkica koji pokrec\u0301e Greenworks baterija od 24 V. Baterija je kompatibilna sa svim 24V Greenworks alatima. Usisiva\u010d je opremljen LED lampom, HEPA filterom sa 99,97% filtracije i raznim dodacima koji odgovaraju potrebama svakog domac\u0301instva.<\/p>\n","protected":false},"featured_media":15726,"comment_status":"open","ping_status":"closed","template":"","meta":{"_acf_changed":false},"product_cat":[225],"product_tag":[],"class_list":{"0":"post-13757","1":"product","2":"type-product","3":"status-publish","4":"has-post-thumbnail","6":"product_cat-industrijski-usisivaci","7":"product_shipping_class-alati-masine-makedonija","8":"pa_b-greenworks","9":"pa_market-ba","10":"pa_market-mk","11":"pa_market-rs","12":"pa_snaga-motora-500-w","13":"pa_tip-baterije-24v-li-ion-4ah","15":"first","16":"outofstock","17":"sale","18":"taxable","19":"shipping-taxable","20":"purchasable","21":"product-type-simple"},"acf":[],"seolaxy_ctr_woo_product_custom_meta_description_content":"","_links":{"self":[{"href":"https:\/\/www.sinpeks.com\/rs\/wp-json\/wp\/v2\/product\/13757","targetHints":{"allow":["GET"]}}],"collection":[{"href":"https:\/\/www.sinpeks.com\/rs\/wp-json\/wp\/v2\/product"}],"about":[{"href":"https:\/\/www.sinpeks.com\/rs\/wp-json\/wp\/v2\/types\/product"}],"replies":[{"embeddable":true,"href":"https:\/\/www.sinpeks.com\/rs\/wp-json\/wp\/v2\/comments?post=13757"}],"wp:featuredmedia":[{"embeddable":true,"href":"https:\/\/www.sinpeks.com\/rs\/wp-json\/wp\/v2\/media\/15726"}],"wp:attachment":[{"href":"https:\/\/www.sinpeks.com\/rs\/wp-json\/wp\/v2\/media?parent=13757"}],"wp:term":[{"taxonomy":"product_cat","embeddable":true,"href":"https:\/\/www.sinpeks.com\/rs\/wp-json\/wp\/v2\/product_cat?post=13757"},{"taxonomy":"product_tag","embeddable":true,"href":"https:\/\/www.sinpeks.com\/rs\/wp-json\/wp\/v2\/product_tag?post=13757"}],"curies":[{"name":"wp","href":"https:\/\/api.w.org\/{rel}","templated":true}]}}