{"id":13756,"date":"2025-01-20T18:22:14","date_gmt":"2025-01-20T18:22:14","guid":{"rendered":"https:\/\/www.sinpeks.com\/rs\/p\/usisivac-pepela-k-1000v\/"},"modified":"2026-05-13T07:19:26","modified_gmt":"2026-05-13T07:19:26","slug":"usisivac-pepela-k-1000v","status":"publish","type":"product","link":"https:\/\/www.sinpeks.com\/rs\/p\/usisivac-pepela-k-1000v\/","title":{"rendered":"Usisiva\u010d pepela K &#8211; 1000W"},"content":{"rendered":"<p>Usisiva\u010d za \u010di\u0161c\u0301enje pepela sa kamina, pec\u0301i, pec\u0301i na drva i pelet, ro\u0161tilja itd. Poseduje moc\u0301an motor i filter koji ne dozvoljava ni najmanjim \u010desticama da prodre, a lako se pere i odr\u017eava. Dolazi u kompletu sa metalnim, fleksibilnim crevom otpornim na temperaturu, kao i dodatnim zamenskim HEPA filterom<\/p>\n","protected":false},"excerpt":{"rendered":"<p>Usisiva\u010d za \u010di\u0161c\u0301enje pepela sa kamina, pec\u0301i, pec\u0301i na drva i pelet, ro\u0161tilja itd. Poseduje moc\u0301an motor i filter koji ne dozvoljava ni najmanjim \u010desticama da prodre, a lako se pere i odr\u017eava. Dolazi u kompletu sa metalnim, fleksibilnim crevom otpornim na temperaturu, kao i dodatnim zamenskim HEPA filterom<\/p>\n","protected":false},"featured_media":15719,"comment_status":"open","ping_status":"closed","template":"","meta":{"_acf_changed":false},"product_cat":[225],"product_tag":[],"class_list":{"0":"post-13756","1":"product","2":"type-product","3":"status-publish","4":"has-post-thumbnail","6":"product_cat-industrijski-usisivaci","7":"product_shipping_class-alati-masine-srbija","8":"pa_b-agrina","9":"pa_broj-motora-sa-jednim-motorom","10":"pa_market-ba","11":"pa_market-mk","12":"pa_market-rs","13":"pa_snaga-motora-1000-w","15":"first","16":"instock","17":"sale","18":"taxable","19":"shipping-taxable","20":"purchasable","21":"product-type-simple"},"acf":[],"seolaxy_ctr_woo_product_custom_meta_description_content":"","_links":{"self":[{"href":"https:\/\/www.sinpeks.com\/rs\/wp-json\/wp\/v2\/product\/13756","targetHints":{"allow":["GET"]}}],"collection":[{"href":"https:\/\/www.sinpeks.com\/rs\/wp-json\/wp\/v2\/product"}],"about":[{"href":"https:\/\/www.sinpeks.com\/rs\/wp-json\/wp\/v2\/types\/product"}],"replies":[{"embeddable":true,"href":"https:\/\/www.sinpeks.com\/rs\/wp-json\/wp\/v2\/comments?post=13756"}],"wp:featuredmedia":[{"embeddable":true,"href":"https:\/\/www.sinpeks.com\/rs\/wp-json\/wp\/v2\/media\/15719"}],"wp:attachment":[{"href":"https:\/\/www.sinpeks.com\/rs\/wp-json\/wp\/v2\/media?parent=13756"}],"wp:term":[{"taxonomy":"product_cat","embeddable":true,"href":"https:\/\/www.sinpeks.com\/rs\/wp-json\/wp\/v2\/product_cat?post=13756"},{"taxonomy":"product_tag","embeddable":true,"href":"https:\/\/www.sinpeks.com\/rs\/wp-json\/wp\/v2\/product_tag?post=13756"}],"curies":[{"name":"wp","href":"https:\/\/api.w.org\/{rel}","templated":true}]}}