{"id":13755,"date":"2025-01-20T18:22:14","date_gmt":"2025-01-20T18:22:14","guid":{"rendered":"https:\/\/www.sinpeks.com\/rs\/p\/usisivac-wd-255-xe\/"},"modified":"2026-04-03T20:44:17","modified_gmt":"2026-04-03T20:44:17","slug":"usisivac-wd-255-xe","status":"publish","type":"product","link":"https:\/\/www.sinpeks.com\/rs\/p\/usisivac-wd-255-xe\/","title":{"rendered":"Usisiva\u010d WD 255 XE"},"content":{"rendered":"<p>Usisiva\u010d sa dva visoko efikasna motora dizajnirana za suvo i mokro usisavanje sa rezervoarom od ner\u0111ajuc\u0301eg \u010delika velikog kapaciteta. Ima ugra\u0111enu uti\u010dnicu koja se mo\u017ee priklju\u010diti na elektri\u010dni alat do 2200W<\/p>\n","protected":false},"excerpt":{"rendered":"<p>Usisiva\u010d sa dva visoko efikasna motora dizajnirana za suvo i mokro usisavanje sa rezervoarom od ner\u0111ajuc\u0301eg \u010delika velikog kapaciteta. Ima ugra\u0111enu uti\u010dnicu koja se mo\u017ee priklju\u010diti na elektri\u010dni alat do 2200W<\/p>\n","protected":false},"featured_media":15723,"comment_status":"open","ping_status":"closed","template":"","meta":{"_acf_changed":false},"product_cat":[225],"product_tag":[],"class_list":{"0":"post-13755","1":"product","2":"type-product","3":"status-publish","4":"has-post-thumbnail","6":"product_cat-industrijski-usisivaci","7":"product_shipping_class-alati-masine-srbija","8":"pa_b-lavor","9":"pa_broj-motora-sa-dva-motora","10":"pa_market-ba","11":"pa_market-mk","12":"pa_market-rs","13":"pa_rezervoar-55-l","14":"pa_snaga-motora-2400-w","16":"first","17":"instock","18":"sale","19":"taxable","20":"shipping-taxable","21":"purchasable","22":"product-type-simple"},"acf":[],"seolaxy_ctr_woo_product_custom_meta_description_content":"","_links":{"self":[{"href":"https:\/\/www.sinpeks.com\/rs\/wp-json\/wp\/v2\/product\/13755","targetHints":{"allow":["GET"]}}],"collection":[{"href":"https:\/\/www.sinpeks.com\/rs\/wp-json\/wp\/v2\/product"}],"about":[{"href":"https:\/\/www.sinpeks.com\/rs\/wp-json\/wp\/v2\/types\/product"}],"replies":[{"embeddable":true,"href":"https:\/\/www.sinpeks.com\/rs\/wp-json\/wp\/v2\/comments?post=13755"}],"wp:featuredmedia":[{"embeddable":true,"href":"https:\/\/www.sinpeks.com\/rs\/wp-json\/wp\/v2\/media\/15723"}],"wp:attachment":[{"href":"https:\/\/www.sinpeks.com\/rs\/wp-json\/wp\/v2\/media?parent=13755"}],"wp:term":[{"taxonomy":"product_cat","embeddable":true,"href":"https:\/\/www.sinpeks.com\/rs\/wp-json\/wp\/v2\/product_cat?post=13755"},{"taxonomy":"product_tag","embeddable":true,"href":"https:\/\/www.sinpeks.com\/rs\/wp-json\/wp\/v2\/product_tag?post=13755"}],"curies":[{"name":"wp","href":"https:\/\/api.w.org\/{rel}","templated":true}]}}