{"id":13754,"date":"2025-01-20T18:22:13","date_gmt":"2025-01-20T18:22:13","guid":{"rendered":"https:\/\/www.sinpeks.com\/rs\/p\/usisivac-vtp-20-p-mokrosuvo-sa-filterom\/"},"modified":"2026-05-05T10:03:57","modified_gmt":"2026-05-05T10:03:57","slug":"usisivac-vtp-20-p-mokrosuvo-sa-filterom","status":"publish","type":"product","link":"https:\/\/www.sinpeks.com\/rs\/p\/usisivac-vtp-20-p-mokrosuvo-sa-filterom\/","title":{"rendered":"Usisiva\u010d WTP 20 P mokro+suvo &#8211; sa filterom"},"content":{"rendered":"<p>Mokri i suvi usisiva\u010d idealan za sve vrste zadataka \u010di\u0161c\u0301enja u domac\u0301instvu. Prakti\u010dna gornja ru\u010dka i okretni to\u010dkovi postavljeni na osnovu to\u010dkova dr\u017ea\u010da pribora olak\u0161avaju pomeranje usisiva\u010da gde god je potrebno. Ima kompletan set dodataka za \u010di\u0161c\u0301enje bilo koje vrste suvih ostataka ili te\u010dnosti. Zahvaljujuc\u0301i prakti\u010dnom dr\u017ea\u010du pribora koji se nalazi na dnu rezervoara, moguc\u0301e je \u010duvati cevi i cipele na kraju \u010di\u0161c\u0301enja. Opremljen je filterom koji se mo\u017ee prati \u010distom vodom. Sadr\u017ei rezervoar otporan na udarce, fleksibilno crevo od 2m i kabl od 4m.<\/p>\n","protected":false},"excerpt":{"rendered":"<p>Mokri i suvi usisiva\u010d idealan za sve vrste zadataka \u010di\u0161c\u0301enja u domac\u0301instvu. Prakti\u010dna gornja ru\u010dka i okretni to\u010dkovi postavljeni na osnovu to\u010dkova dr\u017ea\u010da pribora olak\u0161avaju pomeranje usisiva\u010da gde god je potrebno. Ima kompletan set dodataka za \u010di\u0161c\u0301enje bilo koje vrste suvih ostataka ili te\u010dnosti. Zahvaljujuc\u0301i prakti\u010dnom dr\u017ea\u010du pribora koji se nalazi na dnu rezervoara, moguc\u0301e [&hellip;]<\/p>\n","protected":false},"featured_media":15733,"comment_status":"open","ping_status":"closed","template":"","meta":{"_acf_changed":false},"product_cat":[225],"product_tag":[],"class_list":{"0":"post-13754","1":"product","2":"type-product","3":"status-publish","4":"has-post-thumbnail","6":"product_cat-industrijski-usisivaci","7":"product_shipping_class-alati-masine-makedonija","8":"pa_b-lavor","9":"pa_broj-motora-sa-jednim-motorom","10":"pa_market-ba","11":"pa_market-mk","12":"pa_market-rs","13":"pa_rezervoar-20-l","14":"pa_snaga-motora-1600-w","16":"first","17":"outofstock","18":"sale","19":"taxable","20":"shipping-taxable","21":"purchasable","22":"product-type-simple"},"acf":[],"seolaxy_ctr_woo_product_custom_meta_description_content":"","_links":{"self":[{"href":"https:\/\/www.sinpeks.com\/rs\/wp-json\/wp\/v2\/product\/13754","targetHints":{"allow":["GET"]}}],"collection":[{"href":"https:\/\/www.sinpeks.com\/rs\/wp-json\/wp\/v2\/product"}],"about":[{"href":"https:\/\/www.sinpeks.com\/rs\/wp-json\/wp\/v2\/types\/product"}],"replies":[{"embeddable":true,"href":"https:\/\/www.sinpeks.com\/rs\/wp-json\/wp\/v2\/comments?post=13754"}],"wp:featuredmedia":[{"embeddable":true,"href":"https:\/\/www.sinpeks.com\/rs\/wp-json\/wp\/v2\/media\/15733"}],"wp:attachment":[{"href":"https:\/\/www.sinpeks.com\/rs\/wp-json\/wp\/v2\/media?parent=13754"}],"wp:term":[{"taxonomy":"product_cat","embeddable":true,"href":"https:\/\/www.sinpeks.com\/rs\/wp-json\/wp\/v2\/product_cat?post=13754"},{"taxonomy":"product_tag","embeddable":true,"href":"https:\/\/www.sinpeks.com\/rs\/wp-json\/wp\/v2\/product_tag?post=13754"}],"curies":[{"name":"wp","href":"https:\/\/api.w.org\/{rel}","templated":true}]}}