{"id":13752,"date":"2025-01-20T18:22:13","date_gmt":"2025-01-20T18:22:13","guid":{"rendered":"https:\/\/www.sinpeks.com\/rs\/p\/usisivac-constellation-ir-profi\/"},"modified":"2026-03-12T14:56:52","modified_gmt":"2026-03-12T14:56:52","slug":"usisivac-constellation-ir-profi","status":"publish","type":"product","link":"https:\/\/www.sinpeks.com\/rs\/p\/usisivac-constellation-ir-profi\/","title":{"rendered":"Usisiva\u010d Constellation IR-Profi"},"content":{"rendered":"<p>Profesionalna ma\u0161ina (usisiva\u010d) za hemijsko \u010di\u0161c\u0301enje svih vrsta tekstila\/tepiha opremljena sa dva sna\u017ena motora, velikim rezervoarom (uklonjivim) i pumpama za deterd\u017eent koje omoguc\u0301avaju idealan protok hemikalija. Idealan za dubinsko \u010di\u0161c\u0301enje tepiha, autosedi\u0161ta, sofe, stolica, tendi&#8230; Mo\u017ee se koristiti u HO-RE-KA segmentu, automobilskom i industrijskom \u010di\u0161c\u0301enju.<\/p>\n","protected":false},"excerpt":{"rendered":"<p>Profesionalna ma\u0161ina (usisiva\u010d) za hemijsko \u010di\u0161c\u0301enje svih vrsta tekstila\/tepiha opremljena sa dva sna\u017ena motora, velikim rezervoarom (uklonjivim) i pumpama za deterd\u017eent koje omoguc\u0301avaju idealan protok hemikalija. Idealan za dubinsko \u010di\u0161c\u0301enje tepiha, autosedi\u0161ta, sofe, stolica, tendi&#8230; Mo\u017ee se koristiti u HO-RE-KA segmentu, automobilskom i industrijskom \u010di\u0161c\u0301enju.<\/p>\n","protected":false},"featured_media":15718,"comment_status":"open","ping_status":"closed","template":"","meta":{"_acf_changed":false},"product_cat":[225],"product_tag":[],"class_list":{"0":"post-13752","1":"product","2":"type-product","3":"status-publish","4":"has-post-thumbnail","6":"product_cat-industrijski-usisivaci","7":"product_shipping_class-alati-masine-srbija","8":"pa_b-lavor","9":"pa_broj-motora-sa-dva-motora","10":"pa_market-ba","11":"pa_market-mk","12":"pa_market-rs","13":"pa_rezervoar-78-l-35-48-l","14":"pa_snaga-motora-2000-w","16":"first","17":"instock","18":"sale","19":"taxable","20":"shipping-taxable","21":"purchasable","22":"product-type-simple"},"acf":[],"seolaxy_ctr_woo_product_custom_meta_description_content":"","_links":{"self":[{"href":"https:\/\/www.sinpeks.com\/rs\/wp-json\/wp\/v2\/product\/13752","targetHints":{"allow":["GET"]}}],"collection":[{"href":"https:\/\/www.sinpeks.com\/rs\/wp-json\/wp\/v2\/product"}],"about":[{"href":"https:\/\/www.sinpeks.com\/rs\/wp-json\/wp\/v2\/types\/product"}],"replies":[{"embeddable":true,"href":"https:\/\/www.sinpeks.com\/rs\/wp-json\/wp\/v2\/comments?post=13752"}],"wp:featuredmedia":[{"embeddable":true,"href":"https:\/\/www.sinpeks.com\/rs\/wp-json\/wp\/v2\/media\/15718"}],"wp:attachment":[{"href":"https:\/\/www.sinpeks.com\/rs\/wp-json\/wp\/v2\/media?parent=13752"}],"wp:term":[{"taxonomy":"product_cat","embeddable":true,"href":"https:\/\/www.sinpeks.com\/rs\/wp-json\/wp\/v2\/product_cat?post=13752"},{"taxonomy":"product_tag","embeddable":true,"href":"https:\/\/www.sinpeks.com\/rs\/wp-json\/wp\/v2\/product_tag?post=13752"}],"curies":[{"name":"wp","href":"https:\/\/api.w.org\/{rel}","templated":true}]}}