{"id":13751,"date":"2025-01-20T18:22:13","date_gmt":"2025-01-20T18:22:13","guid":{"rendered":"https:\/\/www.sinpeks.com\/rs\/p\/usisivac-vindi-265-if\/"},"modified":"2026-04-03T20:44:16","modified_gmt":"2026-04-03T20:44:16","slug":"usisivac-vindi-265-if","status":"publish","type":"product","link":"https:\/\/www.sinpeks.com\/rs\/p\/usisivac-vindi-265-if\/","title":{"rendered":"Usisiva\u010d WINDY 265 IF"},"content":{"rendered":"<p>Usisiva\u010d za komercijalnu (profesionalnu) upotrebu pogodan i za mokro i za suvo usisavanje. Sadr\u017ei dva sna\u017ena motora, rezervoar od ner\u0111ajuc\u0301eg \u010delika, za\u0161titnu platformu otpornu na udarce. Idealan je za firme za \u010di\u0161c\u0301enje, gara\u017ee, radionice i druge objekte gde je potrebno lako industrijsko \u010di\u0161c\u0301enje.<\/p>\n","protected":false},"excerpt":{"rendered":"<p>Usisiva\u010d za komercijalnu (profesionalnu) upotrebu pogodan i za mokro i za suvo usisavanje. Sadr\u017ei dva sna\u017ena motora, rezervoar od ner\u0111ajuc\u0301eg \u010delika, za\u0161titnu platformu otpornu na udarce. Idealan je za firme za \u010di\u0161c\u0301enje, gara\u017ee, radionice i druge objekte gde je potrebno lako industrijsko \u010di\u0161c\u0301enje.<\/p>\n","protected":false},"featured_media":15717,"comment_status":"open","ping_status":"closed","template":"","meta":{"_acf_changed":false},"product_cat":[225],"product_tag":[],"class_list":{"0":"post-13751","1":"product","2":"type-product","3":"status-publish","4":"has-post-thumbnail","6":"product_cat-industrijski-usisivaci","7":"product_shipping_class-alati-masine-makedonija","8":"pa_b-lavor","9":"pa_broj-motora-sa-dva-motora","10":"pa_market-ba","11":"pa_market-mk","12":"pa_market-rs","13":"pa_rezervoar-65-l-30-40-l","14":"pa_snaga-motora-2400-w","16":"first","17":"instock","18":"sale","19":"taxable","20":"shipping-taxable","21":"purchasable","22":"product-type-simple"},"acf":[],"seolaxy_ctr_woo_product_custom_meta_description_content":"","_links":{"self":[{"href":"https:\/\/www.sinpeks.com\/rs\/wp-json\/wp\/v2\/product\/13751","targetHints":{"allow":["GET"]}}],"collection":[{"href":"https:\/\/www.sinpeks.com\/rs\/wp-json\/wp\/v2\/product"}],"about":[{"href":"https:\/\/www.sinpeks.com\/rs\/wp-json\/wp\/v2\/types\/product"}],"replies":[{"embeddable":true,"href":"https:\/\/www.sinpeks.com\/rs\/wp-json\/wp\/v2\/comments?post=13751"}],"wp:featuredmedia":[{"embeddable":true,"href":"https:\/\/www.sinpeks.com\/rs\/wp-json\/wp\/v2\/media\/15717"}],"wp:attachment":[{"href":"https:\/\/www.sinpeks.com\/rs\/wp-json\/wp\/v2\/media?parent=13751"}],"wp:term":[{"taxonomy":"product_cat","embeddable":true,"href":"https:\/\/www.sinpeks.com\/rs\/wp-json\/wp\/v2\/product_cat?post=13751"},{"taxonomy":"product_tag","embeddable":true,"href":"https:\/\/www.sinpeks.com\/rs\/wp-json\/wp\/v2\/product_tag?post=13751"}],"curies":[{"name":"wp","href":"https:\/\/api.w.org\/{rel}","templated":true}]}}