{"id":13748,"date":"2025-01-20T18:22:12","date_gmt":"2025-01-20T18:22:12","guid":{"rendered":"https:\/\/www.sinpeks.com\/rs\/p\/masina-za-podove-dinamic-45b-bez-baterije-sa-punjacem-profi\/"},"modified":"2026-04-03T20:44:17","modified_gmt":"2026-04-03T20:44:17","slug":"masina-za-podove-dinamic-45b-bez-baterije-sa-punjacem-profi","status":"publish","type":"product","link":"https:\/\/www.sinpeks.com\/rs\/p\/masina-za-podove-dinamic-45b-bez-baterije-sa-punjacem-profi\/","title":{"rendered":"Ma\u0161ina za podove DYNAMIC 45B bez baterije sa punja\u010dem-Profi"},"content":{"rendered":"<p>Akumulatorska ma\u0161ina za \u010di\u0161c\u0301enje podova idealna za male i srednje povr\u0161ine do 1600 m2 sa konstantnom frekvencijom ljudi. Pogodno za vellness i fitnes centre, teretane, salone automobila, prodavnice, bolnice, \u0161kole.<\/p>\n<p>*Napomena: Cena proizvoda ne uklju\u010duje bateriju za ma\u0161inu.<\/p>\n","protected":false},"excerpt":{"rendered":"<p>Akumulatorska ma\u0161ina za \u010di\u0161c\u0301enje podova idealna za male i srednje povr\u0161ine do 1600 m2 sa konstantnom frekvencijom ljudi. Pogodno za vellness i fitnes centre, teretane, salone automobila, prodavnice, bolnice, \u0161kole. *Napomena: Cena proizvoda ne uklju\u010duje bateriju za ma\u0161inu.<\/p>\n","protected":false},"featured_media":15707,"comment_status":"open","ping_status":"closed","template":"","meta":{"_acf_changed":false},"product_cat":[224],"product_tag":[],"class_list":{"0":"post-13748","1":"product","2":"type-product","3":"status-publish","4":"has-post-thumbnail","6":"product_cat-masine-za-ciscenje-podova","7":"product_shipping_class-alati-masine-makedonija","8":"pa_b-lavor","9":"pa_market-ba","10":"pa_market-mk","11":"pa_market-rs","12":"pa_napon-24v-punjac-u-setu","13":"pa_radni-kapacitet-1600-m2-h","14":"pa_tip-masine-akumulatorske","16":"first","17":"outofstock","18":"sale","19":"taxable","20":"shipping-taxable","21":"purchasable","22":"product-type-simple"},"acf":[],"seolaxy_ctr_woo_product_custom_meta_description_content":"","_links":{"self":[{"href":"https:\/\/www.sinpeks.com\/rs\/wp-json\/wp\/v2\/product\/13748","targetHints":{"allow":["GET"]}}],"collection":[{"href":"https:\/\/www.sinpeks.com\/rs\/wp-json\/wp\/v2\/product"}],"about":[{"href":"https:\/\/www.sinpeks.com\/rs\/wp-json\/wp\/v2\/types\/product"}],"replies":[{"embeddable":true,"href":"https:\/\/www.sinpeks.com\/rs\/wp-json\/wp\/v2\/comments?post=13748"}],"wp:featuredmedia":[{"embeddable":true,"href":"https:\/\/www.sinpeks.com\/rs\/wp-json\/wp\/v2\/media\/15707"}],"wp:attachment":[{"href":"https:\/\/www.sinpeks.com\/rs\/wp-json\/wp\/v2\/media?parent=13748"}],"wp:term":[{"taxonomy":"product_cat","embeddable":true,"href":"https:\/\/www.sinpeks.com\/rs\/wp-json\/wp\/v2\/product_cat?post=13748"},{"taxonomy":"product_tag","embeddable":true,"href":"https:\/\/www.sinpeks.com\/rs\/wp-json\/wp\/v2\/product_tag?post=13748"}],"curies":[{"name":"wp","href":"https:\/\/api.w.org\/{rel}","templated":true}]}}