{"id":13747,"date":"2025-01-20T18:22:12","date_gmt":"2025-01-20T18:22:12","guid":{"rendered":"https:\/\/www.sinpeks.com\/rs\/p\/masina-za-podove-dinamic-45e-profi\/"},"modified":"2026-02-23T13:04:31","modified_gmt":"2026-02-23T13:04:31","slug":"masina-za-podove-dinamic-45e-profi","status":"publish","type":"product","link":"https:\/\/www.sinpeks.com\/rs\/p\/masina-za-podove-dinamic-45e-profi\/","title":{"rendered":"Ma\u0161ina za podove Dinamic 45E &#8211; Profi"},"content":{"rendered":"<p>Elektri\u010dna ma\u0161ina za \u010di\u0161c\u0301enje podova idealna za male i srednje povr\u0161ine do 1600 m2 sa konstantnom frekvencijom ljudi. Pogodno za vellness i fitnes centre, teretane, auto kuc\u0301e, prodavnice, bolnice, \u0161kole&#8230;<\/p>\n","protected":false},"excerpt":{"rendered":"<p>Elektri\u010dna ma\u0161ina za \u010di\u0161c\u0301enje podova idealna za male i srednje povr\u0161ine do 1600 m2 sa konstantnom frekvencijom ljudi. Pogodno za vellness i fitnes centre, teretane, auto kuc\u0301e, prodavnice, bolnice, \u0161kole&#8230;<\/p>\n","protected":false},"featured_media":15706,"comment_status":"open","ping_status":"closed","template":"","meta":{"_acf_changed":false},"product_cat":[224],"product_tag":[],"class_list":{"0":"post-13747","1":"product","2":"type-product","3":"status-publish","4":"has-post-thumbnail","6":"product_cat-masine-za-ciscenje-podova","7":"product_shipping_class-alati-masine-makedonija","8":"pa_b-lavor","9":"pa_market-ba","10":"pa_market-mk","11":"pa_market-rs","12":"pa_napon-230v-50hz","13":"pa_radni-kapacitet-1600-m2-h","14":"pa_tip-masine-elektricne","16":"first","17":"instock","18":"sale","19":"taxable","20":"shipping-taxable","21":"purchasable","22":"product-type-simple"},"acf":[],"seolaxy_ctr_woo_product_custom_meta_description_content":"","_links":{"self":[{"href":"https:\/\/www.sinpeks.com\/rs\/wp-json\/wp\/v2\/product\/13747","targetHints":{"allow":["GET"]}}],"collection":[{"href":"https:\/\/www.sinpeks.com\/rs\/wp-json\/wp\/v2\/product"}],"about":[{"href":"https:\/\/www.sinpeks.com\/rs\/wp-json\/wp\/v2\/types\/product"}],"replies":[{"embeddable":true,"href":"https:\/\/www.sinpeks.com\/rs\/wp-json\/wp\/v2\/comments?post=13747"}],"wp:featuredmedia":[{"embeddable":true,"href":"https:\/\/www.sinpeks.com\/rs\/wp-json\/wp\/v2\/media\/15706"}],"wp:attachment":[{"href":"https:\/\/www.sinpeks.com\/rs\/wp-json\/wp\/v2\/media?parent=13747"}],"wp:term":[{"taxonomy":"product_cat","embeddable":true,"href":"https:\/\/www.sinpeks.com\/rs\/wp-json\/wp\/v2\/product_cat?post=13747"},{"taxonomy":"product_tag","embeddable":true,"href":"https:\/\/www.sinpeks.com\/rs\/wp-json\/wp\/v2\/product_tag?post=13747"}],"curies":[{"name":"wp","href":"https:\/\/api.w.org\/{rel}","templated":true}]}}