{"id":13745,"date":"2025-01-20T18:22:11","date_gmt":"2025-01-20T18:22:11","guid":{"rendered":"https:\/\/www.sinpeks.com\/rs\/p\/masina-za-podove-lavor-bsv-950mf-profi\/"},"modified":"2026-04-20T12:59:31","modified_gmt":"2026-04-20T12:59:31","slug":"masina-za-podove-lavor-bsv-950mf-profi","status":"publish","type":"product","link":"https:\/\/www.sinpeks.com\/rs\/p\/masina-za-podove-lavor-bsv-950mf-profi\/","title":{"rendered":"Ma\u0161ina za podove Lavor BSV 950MF-Profi"},"content":{"rendered":"<p>Ma\u0161ina za \u010di\u0161c\u0301enje podova namenjena malim i srednjim povr\u0161inama. Lako je manevrisati i koristiti. Ima veliki sakuplja\u010d otpada opremljen sistemom za filtriranje i prednjim to\u010dkom od 360\u00b0.<\/p>\n","protected":false},"excerpt":{"rendered":"<p>Ma\u0161ina za \u010di\u0161c\u0301enje podova namenjena malim i srednjim povr\u0161inama. Lako je manevrisati i koristiti. Ima veliki sakuplja\u010d otpada opremljen sistemom za filtriranje i prednjim to\u010dkom od 360\u00b0.<\/p>\n","protected":false},"featured_media":15714,"comment_status":"open","ping_status":"closed","template":"","meta":{"_acf_changed":false},"product_cat":[224],"product_tag":[],"class_list":{"0":"post-13745","1":"product","2":"type-product","3":"status-publish","4":"has-post-thumbnail","6":"product_cat-masine-za-ciscenje-podova","7":"product_shipping_class-alati-masine-makedonija","8":"pa_b-lavor","9":"pa_market-ba","10":"pa_market-mk","11":"pa_market-rs","13":"first","14":"instock","15":"sale","16":"taxable","17":"shipping-taxable","18":"purchasable","19":"product-type-simple"},"acf":[],"seolaxy_ctr_woo_product_custom_meta_description_content":"","_links":{"self":[{"href":"https:\/\/www.sinpeks.com\/rs\/wp-json\/wp\/v2\/product\/13745","targetHints":{"allow":["GET"]}}],"collection":[{"href":"https:\/\/www.sinpeks.com\/rs\/wp-json\/wp\/v2\/product"}],"about":[{"href":"https:\/\/www.sinpeks.com\/rs\/wp-json\/wp\/v2\/types\/product"}],"replies":[{"embeddable":true,"href":"https:\/\/www.sinpeks.com\/rs\/wp-json\/wp\/v2\/comments?post=13745"}],"wp:featuredmedia":[{"embeddable":true,"href":"https:\/\/www.sinpeks.com\/rs\/wp-json\/wp\/v2\/media\/15714"}],"wp:attachment":[{"href":"https:\/\/www.sinpeks.com\/rs\/wp-json\/wp\/v2\/media?parent=13745"}],"wp:term":[{"taxonomy":"product_cat","embeddable":true,"href":"https:\/\/www.sinpeks.com\/rs\/wp-json\/wp\/v2\/product_cat?post=13745"},{"taxonomy":"product_tag","embeddable":true,"href":"https:\/\/www.sinpeks.com\/rs\/wp-json\/wp\/v2\/product_tag?post=13745"}],"curies":[{"name":"wp","href":"https:\/\/api.w.org\/{rel}","templated":true}]}}