{"id":13743,"date":"2025-01-20T18:22:10","date_gmt":"2025-01-20T18:22:10","guid":{"rendered":"https:\/\/www.sinpeks.com\/rs\/p\/motorni-perac-pod-visokim-pritiskom-ehpwg6001\/"},"modified":"2026-02-22T01:06:31","modified_gmt":"2026-02-22T01:06:31","slug":"motorni-perac-pod-visokim-pritiskom-ehpwg6001","status":"publish","type":"product","link":"https:\/\/www.sinpeks.com\/rs\/p\/motorni-perac-pod-visokim-pritiskom-ehpwg6001\/","title":{"rendered":"Motorni pera\u010d pod visokim pritiskom EHPWG6001"},"content":{"rendered":"<p>Sna\u017eni motorni\u00a0pera\u010d pod visokim pritiskom sa OHV 4-taktnim motorom snage 6 KS. Ima ru\u010dno pokretanje, metalni pi\u0161tolj i koplje kao i 3 mlaznice sa razli\u010ditim mlaznicama.<\/p>\n","protected":false},"excerpt":{"rendered":"<p>Sna\u017eni motorni\u00a0pera\u010d pod visokim pritiskom sa OHV 4-taktnim motorom snage 6 KS. Ima ru\u010dno pokretanje, metalni pi\u0161tolj i koplje kao i 3 mlaznice sa razli\u010ditim mlaznicama.<\/p>\n","protected":false},"featured_media":15704,"comment_status":"open","ping_status":"closed","template":"","meta":{"_acf_changed":false},"product_cat":[5293,223],"product_tag":[],"class_list":{"0":"post-13743","1":"product","2":"type-product","3":"status-publish","4":"has-post-thumbnail","6":"product_cat-emtop-akcija","7":"product_cat-peraci-pod-pritiskom","8":"product_shipping_class-alati-masine-makedonija","9":"pa_b-emtop","10":"pa_market-ba","11":"pa_market-mk","12":"pa_market-rs","13":"pa_pritisak-214-bar","14":"pa_snaga-motora-6-ks","16":"first","17":"outofstock","18":"sale","19":"taxable","20":"shipping-taxable","21":"purchasable","22":"product-type-simple"},"acf":[],"seolaxy_ctr_woo_product_custom_meta_description_content":"","_links":{"self":[{"href":"https:\/\/www.sinpeks.com\/rs\/wp-json\/wp\/v2\/product\/13743","targetHints":{"allow":["GET"]}}],"collection":[{"href":"https:\/\/www.sinpeks.com\/rs\/wp-json\/wp\/v2\/product"}],"about":[{"href":"https:\/\/www.sinpeks.com\/rs\/wp-json\/wp\/v2\/types\/product"}],"replies":[{"embeddable":true,"href":"https:\/\/www.sinpeks.com\/rs\/wp-json\/wp\/v2\/comments?post=13743"}],"wp:featuredmedia":[{"embeddable":true,"href":"https:\/\/www.sinpeks.com\/rs\/wp-json\/wp\/v2\/media\/15704"}],"wp:attachment":[{"href":"https:\/\/www.sinpeks.com\/rs\/wp-json\/wp\/v2\/media?parent=13743"}],"wp:term":[{"taxonomy":"product_cat","embeddable":true,"href":"https:\/\/www.sinpeks.com\/rs\/wp-json\/wp\/v2\/product_cat?post=13743"},{"taxonomy":"product_tag","embeddable":true,"href":"https:\/\/www.sinpeks.com\/rs\/wp-json\/wp\/v2\/product_tag?post=13743"}],"curies":[{"name":"wp","href":"https:\/\/api.w.org\/{rel}","templated":true}]}}