{"id":13742,"date":"2025-01-20T18:22:10","date_gmt":"2025-01-20T18:22:10","guid":{"rendered":"https:\/\/www.sinpeks.com\/rs\/p\/perac-pod-pritiskom-hpc-cruiser-200-extreme\/"},"modified":"2026-05-07T12:46:40","modified_gmt":"2026-05-07T12:46:40","slug":"perac-pod-pritiskom-hpc-cruiser-200-extreme","status":"publish","type":"product","link":"https:\/\/www.sinpeks.com\/rs\/p\/perac-pod-pritiskom-hpc-cruiser-200-extreme\/","title":{"rendered":"Pera\u010d pod pritiskom HPC CRUISER 200 EXTREME"},"content":{"rendered":"<p>Dizajniran za najzahtevnije kupce, ovaj ure\u0111aj pod visokim pritiskom ima kompaktne dimenzije, ali je standardno opremljen sna\u017enim indukcionim motorom, profesionalnim priborom i nudi izvanredne performanse. Idealan za kuc\u0301ne poslove kao \u0161to su pranje automobila, motora, ba\u0161tenskog alata i svih spolja\u0161njih povr\u0161ina oko kuc\u0301e.Ima 3-klipnu pumpu sa aluminijumskom glavom i ugra\u0111enim bajpas ventilom, ugra\u0111eni rezervoar za deterd\u017eent, ergonomsku ru\u010dku, profesionalnu metalnu koplju, set od 4 mlaznice (0-15-40\u00b0 + mlaznica za deterd\u017eent) i turbo mlaznicu.<\/p>\n","protected":false},"excerpt":{"rendered":"<p>Dizajniran za najzahtevnije kupce, ovaj ure\u0111aj pod visokim pritiskom ima kompaktne dimenzije, ali je standardno opremljen sna\u017enim indukcionim motorom, profesionalnim priborom i nudi izvanredne performanse. Idealan za kuc\u0301ne poslove kao \u0161to su pranje automobila, motora, ba\u0161tenskog alata i svih spolja\u0161njih povr\u0161ina oko kuc\u0301e.Ima 3-klipnu pumpu sa aluminijumskom glavom i ugra\u0111enim bajpas ventilom, ugra\u0111eni rezervoar za [&hellip;]<\/p>\n","protected":false},"featured_media":15703,"comment_status":"open","ping_status":"closed","template":"","meta":{"_acf_changed":false},"product_cat":[223],"product_tag":[],"class_list":{"0":"post-13742","1":"product","2":"type-product","3":"status-publish","4":"has-post-thumbnail","6":"product_cat-peraci-pod-pritiskom","7":"product_shipping_class-alati-masine-srbija","8":"pa_b-lavor","9":"pa_market-ba","10":"pa_market-mk","11":"pa_market-rs","12":"pa_napon-230v-50hz","13":"pa_pritisak-200-bar","14":"pa_snaga-motora-2300-w","16":"first","17":"instock","18":"sale","19":"taxable","20":"shipping-taxable","21":"purchasable","22":"product-type-simple"},"acf":[],"seolaxy_ctr_woo_product_custom_meta_description_content":"","_links":{"self":[{"href":"https:\/\/www.sinpeks.com\/rs\/wp-json\/wp\/v2\/product\/13742","targetHints":{"allow":["GET"]}}],"collection":[{"href":"https:\/\/www.sinpeks.com\/rs\/wp-json\/wp\/v2\/product"}],"about":[{"href":"https:\/\/www.sinpeks.com\/rs\/wp-json\/wp\/v2\/types\/product"}],"replies":[{"embeddable":true,"href":"https:\/\/www.sinpeks.com\/rs\/wp-json\/wp\/v2\/comments?post=13742"}],"wp:featuredmedia":[{"embeddable":true,"href":"https:\/\/www.sinpeks.com\/rs\/wp-json\/wp\/v2\/media\/15703"}],"wp:attachment":[{"href":"https:\/\/www.sinpeks.com\/rs\/wp-json\/wp\/v2\/media?parent=13742"}],"wp:term":[{"taxonomy":"product_cat","embeddable":true,"href":"https:\/\/www.sinpeks.com\/rs\/wp-json\/wp\/v2\/product_cat?post=13742"},{"taxonomy":"product_tag","embeddable":true,"href":"https:\/\/www.sinpeks.com\/rs\/wp-json\/wp\/v2\/product_tag?post=13742"}],"curies":[{"name":"wp","href":"https:\/\/api.w.org\/{rel}","templated":true}]}}