{"id":13741,"date":"2025-01-20T18:22:10","date_gmt":"2025-01-20T18:22:10","guid":{"rendered":"https:\/\/www.sinpeks.com\/rs\/p\/galaksi-hpc-140-masina-za-pranje-automobila\/"},"modified":"2026-05-09T10:06:23","modified_gmt":"2026-05-09T10:06:23","slug":"galaksi-hpc-140-masina-za-pranje-automobila","status":"publish","type":"product","link":"https:\/\/www.sinpeks.com\/rs\/p\/galaksi-hpc-140-masina-za-pranje-automobila\/","title":{"rendered":"GALAXY HPC 140 ma\u0161ina za pranje automobila"},"content":{"rendered":"<p>Ure\u0111aj Galaxy 140, proizvod italijanskog LAVOR-a, je moc\u0301an i izuzetno kvalitetan hobi ure\u0111aj koji pronalazi mnoge primene u va\u0161em domu. Operite automobil, bicikl ili motocikl i mo\u017eete o\u010distiti stazu, terasu ili prostor ispred gara\u017ee. Poseduje pumpu sa tri klipa sa aluminijumskom glavom, sistem automatskog zaustavljanja, oja\u010dano crevo i koplje sa duplom mlaznicom, prakti\u010dan raspr\u0161iva\u010d deterd\u017eenta, kao i rotirajuc\u0301u \u010detku koja dolazi u kompletu.<\/p>\n","protected":false},"excerpt":{"rendered":"<p>Ure\u0111aj Galaxy 140, proizvod italijanskog LAVOR-a, je moc\u0301an i izuzetno kvalitetan hobi ure\u0111aj koji pronalazi mnoge primene u va\u0161em domu. Operite automobil, bicikl ili motocikl i mo\u017eete o\u010distiti stazu, terasu ili prostor ispred gara\u017ee. Poseduje pumpu sa tri klipa sa aluminijumskom glavom, sistem automatskog zaustavljanja, oja\u010dano crevo i koplje sa duplom mlaznicom, prakti\u010dan raspr\u0161iva\u010d deterd\u017eenta, [&hellip;]<\/p>\n","protected":false},"featured_media":15699,"comment_status":"open","ping_status":"closed","template":"","meta":{"_acf_changed":false},"product_cat":[223],"product_tag":[],"class_list":{"0":"post-13741","1":"product","2":"type-product","3":"status-publish","4":"has-post-thumbnail","6":"product_cat-peraci-pod-pritiskom","7":"product_shipping_class-alati-masine-srbija","8":"pa_b-lavor","9":"pa_market-ba","10":"pa_market-mk","11":"pa_market-rs","12":"pa_napon-230v-50hz","13":"pa_pritisak-140-bar","14":"pa_snaga-1900-w","16":"first","17":"instock","18":"sale","19":"taxable","20":"shipping-taxable","21":"purchasable","22":"product-type-simple"},"acf":[],"seolaxy_ctr_woo_product_custom_meta_description_content":"","_links":{"self":[{"href":"https:\/\/www.sinpeks.com\/rs\/wp-json\/wp\/v2\/product\/13741","targetHints":{"allow":["GET"]}}],"collection":[{"href":"https:\/\/www.sinpeks.com\/rs\/wp-json\/wp\/v2\/product"}],"about":[{"href":"https:\/\/www.sinpeks.com\/rs\/wp-json\/wp\/v2\/types\/product"}],"replies":[{"embeddable":true,"href":"https:\/\/www.sinpeks.com\/rs\/wp-json\/wp\/v2\/comments?post=13741"}],"wp:featuredmedia":[{"embeddable":true,"href":"https:\/\/www.sinpeks.com\/rs\/wp-json\/wp\/v2\/media\/15699"}],"wp:attachment":[{"href":"https:\/\/www.sinpeks.com\/rs\/wp-json\/wp\/v2\/media?parent=13741"}],"wp:term":[{"taxonomy":"product_cat","embeddable":true,"href":"https:\/\/www.sinpeks.com\/rs\/wp-json\/wp\/v2\/product_cat?post=13741"},{"taxonomy":"product_tag","embeddable":true,"href":"https:\/\/www.sinpeks.com\/rs\/wp-json\/wp\/v2\/product_tag?post=13741"}],"curies":[{"name":"wp","href":"https:\/\/api.w.org\/{rel}","templated":true}]}}