{"id":13740,"date":"2025-01-20T18:22:10","date_gmt":"2025-01-20T18:22:10","guid":{"rendered":"https:\/\/www.sinpeks.com\/rs\/p\/galaksi-160-masina-za-pranje-automobila\/"},"modified":"2026-05-16T10:21:28","modified_gmt":"2026-05-16T10:21:28","slug":"galaksi-160-masina-za-pranje-automobila","status":"publish","type":"product","link":"https:\/\/www.sinpeks.com\/rs\/p\/galaksi-160-masina-za-pranje-automobila\/","title":{"rendered":"GALAXY 160 ma\u0161ina za pranje automobila"},"content":{"rendered":"<p>Ma\u0161ina za \u010di\u0161c\u0301enje pod visokim pritiskom modernog dizajna i prakti\u010dnih dodataka za jednostavnu i nesmetanu upotrebu kod kuc\u0301e. Ima pumpu sa aluminijumskom glavom i tri klipa, automatski STOP sistem, promenljivu mlaznicu i standardni set \u010detkica i pribora.<\/p>\n","protected":false},"excerpt":{"rendered":"<p>Ma\u0161ina za \u010di\u0161c\u0301enje pod visokim pritiskom modernog dizajna i prakti\u010dnih dodataka za jednostavnu i nesmetanu upotrebu kod kuc\u0301e. Ima pumpu sa aluminijumskom glavom i tri klipa, automatski STOP sistem, promenljivu mlaznicu i standardni set \u010detkica i pribora.<\/p>\n","protected":false},"featured_media":15698,"comment_status":"open","ping_status":"closed","template":"","meta":{"_acf_changed":false},"product_cat":[223],"product_tag":[],"class_list":{"0":"post-13740","1":"product","2":"type-product","3":"status-publish","4":"has-post-thumbnail","6":"product_cat-peraci-pod-pritiskom","7":"product_shipping_class-alati-masine-srbija","8":"pa_b-lavor","9":"pa_market-ba","10":"pa_market-mk","11":"pa_market-rs","12":"pa_napon-230v-50hz","13":"pa_pritisak-160-bar","14":"pa_snaga-2500-w","16":"first","17":"instock","18":"sale","19":"taxable","20":"shipping-taxable","21":"purchasable","22":"product-type-simple"},"acf":[],"seolaxy_ctr_woo_product_custom_meta_description_content":"","_links":{"self":[{"href":"https:\/\/www.sinpeks.com\/rs\/wp-json\/wp\/v2\/product\/13740","targetHints":{"allow":["GET"]}}],"collection":[{"href":"https:\/\/www.sinpeks.com\/rs\/wp-json\/wp\/v2\/product"}],"about":[{"href":"https:\/\/www.sinpeks.com\/rs\/wp-json\/wp\/v2\/types\/product"}],"replies":[{"embeddable":true,"href":"https:\/\/www.sinpeks.com\/rs\/wp-json\/wp\/v2\/comments?post=13740"}],"wp:featuredmedia":[{"embeddable":true,"href":"https:\/\/www.sinpeks.com\/rs\/wp-json\/wp\/v2\/media\/15698"}],"wp:attachment":[{"href":"https:\/\/www.sinpeks.com\/rs\/wp-json\/wp\/v2\/media?parent=13740"}],"wp:term":[{"taxonomy":"product_cat","embeddable":true,"href":"https:\/\/www.sinpeks.com\/rs\/wp-json\/wp\/v2\/product_cat?post=13740"},{"taxonomy":"product_tag","embeddable":true,"href":"https:\/\/www.sinpeks.com\/rs\/wp-json\/wp\/v2\/product_tag?post=13740"}],"curies":[{"name":"wp","href":"https:\/\/api.w.org\/{rel}","templated":true}]}}