{"id":13738,"date":"2025-01-20T18:22:09","date_gmt":"2025-01-20T18:22:09","guid":{"rendered":"https:\/\/www.sinpeks.com\/rs\/p\/aparat-lavor-lkks-lp-1515\/"},"modified":"2026-05-07T11:19:35","modified_gmt":"2026-05-07T11:19:35","slug":"aparat-lavor-lkks-lp-1515","status":"publish","type":"product","link":"https:\/\/www.sinpeks.com\/rs\/p\/aparat-lavor-lkks-lp-1515\/","title":{"rendered":"Aparat Lavor LKX LP 1515"},"content":{"rendered":"<p>Profesionalni ure\u0111aj za \u010di\u0161c\u0301enje pod visokim pritiskom sa toplom vodom. Poseduje \u010detvoropolni elektromotor koji garantuje dugotrajnu upotrebu, kao i regulator temperature sa visoko osetljivim senzorom. Kao ure\u0111aj visokog kvaliteta, nudi izuzetno dobre performanse, visoku pouzdanost i lakoc\u0301u kori\u0161c\u0301enja. Namenjen je za \u010di\u0161c\u0301enje vozila, ma\u0161ina, opreme, podova, nadzemnih zidova.<\/p>\n","protected":false},"excerpt":{"rendered":"<p>Profesionalni ure\u0111aj za \u010di\u0161c\u0301enje pod visokim pritiskom sa toplom vodom. Poseduje \u010detvoropolni elektromotor koji garantuje dugotrajnu upotrebu, kao i regulator temperature sa visoko osetljivim senzorom. Kao ure\u0111aj visokog kvaliteta, nudi izuzetno dobre performanse, visoku pouzdanost i lakoc\u0301u kori\u0161c\u0301enja. Namenjen je za \u010di\u0161c\u0301enje vozila, ma\u0161ina, opreme, podova, nadzemnih zidova.<\/p>\n","protected":false},"featured_media":15694,"comment_status":"open","ping_status":"closed","template":"","meta":{"_acf_changed":false},"product_cat":[223],"product_tag":[],"class_list":{"0":"post-13738","1":"product","2":"type-product","3":"status-publish","4":"has-post-thumbnail","6":"product_cat-peraci-pod-pritiskom","7":"product_shipping_class-alati-masine-makedonija","8":"pa_b-lavor","9":"pa_market-ba","10":"pa_market-mk","11":"pa_market-rs","12":"pa_napon-400v-50hz","13":"pa_pritisak-150-bar","14":"pa_snaga-motora-5500-w","16":"first","17":"instock","18":"sale","19":"taxable","20":"shipping-taxable","21":"purchasable","22":"product-type-simple"},"acf":[],"seolaxy_ctr_woo_product_custom_meta_description_content":"","_links":{"self":[{"href":"https:\/\/www.sinpeks.com\/rs\/wp-json\/wp\/v2\/product\/13738","targetHints":{"allow":["GET"]}}],"collection":[{"href":"https:\/\/www.sinpeks.com\/rs\/wp-json\/wp\/v2\/product"}],"about":[{"href":"https:\/\/www.sinpeks.com\/rs\/wp-json\/wp\/v2\/types\/product"}],"replies":[{"embeddable":true,"href":"https:\/\/www.sinpeks.com\/rs\/wp-json\/wp\/v2\/comments?post=13738"}],"wp:featuredmedia":[{"embeddable":true,"href":"https:\/\/www.sinpeks.com\/rs\/wp-json\/wp\/v2\/media\/15694"}],"wp:attachment":[{"href":"https:\/\/www.sinpeks.com\/rs\/wp-json\/wp\/v2\/media?parent=13738"}],"wp:term":[{"taxonomy":"product_cat","embeddable":true,"href":"https:\/\/www.sinpeks.com\/rs\/wp-json\/wp\/v2\/product_cat?post=13738"},{"taxonomy":"product_tag","embeddable":true,"href":"https:\/\/www.sinpeks.com\/rs\/wp-json\/wp\/v2\/product_tag?post=13738"}],"curies":[{"name":"wp","href":"https:\/\/api.w.org\/{rel}","templated":true}]}}