{"id":13737,"date":"2025-01-20T18:22:09","date_gmt":"2025-01-20T18:22:09","guid":{"rendered":"https:\/\/www.sinpeks.com\/rs\/p\/lavor-tekna-2015-lp-uredjaj\/"},"modified":"2026-05-05T10:02:28","modified_gmt":"2026-05-05T10:02:28","slug":"lavor-tekna-2015-lp-uredjaj","status":"publish","type":"product","link":"https:\/\/www.sinpeks.com\/rs\/p\/lavor-tekna-2015-lp-uredjaj\/","title":{"rendered":"LAVOR Tekna 2015 LP ure\u0111aj"},"content":{"rendered":"<p>Profesionalni ure\u0111aj za \u010di\u0161c\u0301enje pod visokim pritiskom sa toplom vodom. Ima \u010detvoropolni elektromotor i klipove sa kerami\u010dkom za\u0161titom koji garantuju dugotrajnu upotrebu i regulator temperature sa visoko osetljivim senzorom. Kao ure\u0111aj visokog kvaliteta, nudi izuzetno dobre performanse, visoku pouzdanost i lakoc\u0301u kori\u0161c\u0301enja. Namenjen je za \u010di\u0161c\u0301enje vozila, ma\u0161ina, opreme, podova, nadzemnih zidova.<\/p>\n","protected":false},"excerpt":{"rendered":"<p>Profesionalni ure\u0111aj za \u010di\u0161c\u0301enje pod visokim pritiskom sa toplom vodom. Ima \u010detvoropolni elektromotor i klipove sa kerami\u010dkom za\u0161titom koji garantuju dugotrajnu upotrebu i regulator temperature sa visoko osetljivim senzorom. Kao ure\u0111aj visokog kvaliteta, nudi izuzetno dobre performanse, visoku pouzdanost i lakoc\u0301u kori\u0161c\u0301enja. Namenjen je za \u010di\u0161c\u0301enje vozila, ma\u0161ina, opreme, podova, nadzemnih zidova.<\/p>\n","protected":false},"featured_media":15693,"comment_status":"open","ping_status":"closed","template":"","meta":{"_acf_changed":false},"product_cat":[223],"product_tag":[],"class_list":{"0":"post-13737","1":"product","2":"type-product","3":"status-publish","4":"has-post-thumbnail","6":"product_cat-peraci-pod-pritiskom","7":"product_shipping_class-alati-masine-makedonija","8":"pa_b-lavor","9":"pa_market-ba","10":"pa_market-mk","11":"pa_market-rs","12":"pa_napon-400v-50hz","13":"pa_pritisak-200-bar","14":"pa_snaga-motora-7300-w","16":"first","17":"instock","18":"sale","19":"taxable","20":"shipping-taxable","21":"purchasable","22":"product-type-simple"},"acf":[],"seolaxy_ctr_woo_product_custom_meta_description_content":"","_links":{"self":[{"href":"https:\/\/www.sinpeks.com\/rs\/wp-json\/wp\/v2\/product\/13737","targetHints":{"allow":["GET"]}}],"collection":[{"href":"https:\/\/www.sinpeks.com\/rs\/wp-json\/wp\/v2\/product"}],"about":[{"href":"https:\/\/www.sinpeks.com\/rs\/wp-json\/wp\/v2\/types\/product"}],"replies":[{"embeddable":true,"href":"https:\/\/www.sinpeks.com\/rs\/wp-json\/wp\/v2\/comments?post=13737"}],"wp:featuredmedia":[{"embeddable":true,"href":"https:\/\/www.sinpeks.com\/rs\/wp-json\/wp\/v2\/media\/15693"}],"wp:attachment":[{"href":"https:\/\/www.sinpeks.com\/rs\/wp-json\/wp\/v2\/media?parent=13737"}],"wp:term":[{"taxonomy":"product_cat","embeddable":true,"href":"https:\/\/www.sinpeks.com\/rs\/wp-json\/wp\/v2\/product_cat?post=13737"},{"taxonomy":"product_tag","embeddable":true,"href":"https:\/\/www.sinpeks.com\/rs\/wp-json\/wp\/v2\/product_tag?post=13737"}],"curies":[{"name":"wp","href":"https:\/\/api.w.org\/{rel}","templated":true}]}}