{"id":13736,"date":"2025-01-20T18:22:09","date_gmt":"2025-01-20T18:22:09","guid":{"rendered":"https:\/\/www.sinpeks.com\/rs\/p\/hpw-predator-180-auto-perionica\/"},"modified":"2026-05-05T10:02:29","modified_gmt":"2026-05-05T10:02:29","slug":"hpw-predator-180-auto-perionica","status":"publish","type":"product","link":"https:\/\/www.sinpeks.com\/rs\/p\/hpw-predator-180-auto-perionica\/","title":{"rendered":"HPW PREDATOR 180 auto perionica"},"content":{"rendered":"<p>Ma\u0161ina za \u010di\u0161c\u0301enje pod visokim pritiskom sa digitalnim programima upravljanja, rada i za\u0161tite. Ima monitor za prac\u0301enje glavnih funkcija, aluminijumsku pumpu sa tri klipa, ugra\u0111eni kontejner za deterd\u017eent, automatski STOP sistem, kao i nekoliko varijabilnih mlaznica i \u010detkica za razli\u010dite namene. Namenjen je za kuc\u0301nu upotrebu. Napomena: NE PREPORU\u010cUJE SE ZA PROFESIONALNU UPOTREBU!!<\/p>\n","protected":false},"excerpt":{"rendered":"<p>Ma\u0161ina za \u010di\u0161c\u0301enje pod visokim pritiskom sa digitalnim programima upravljanja, rada i za\u0161tite. Ima monitor za prac\u0301enje glavnih funkcija, aluminijumsku pumpu sa tri klipa, ugra\u0111eni kontejner za deterd\u017eent, automatski STOP sistem, kao i nekoliko varijabilnih mlaznica i \u010detkica za razli\u010dite namene. Namenjen je za kuc\u0301nu upotrebu. Napomena: NE PREPORU\u010cUJE SE ZA PROFESIONALNU UPOTREBU!!<\/p>\n","protected":false},"featured_media":15700,"comment_status":"open","ping_status":"closed","template":"","meta":{"_acf_changed":false},"product_cat":[223],"product_tag":[],"class_list":{"0":"post-13736","1":"product","2":"type-product","3":"status-publish","4":"has-post-thumbnail","6":"product_cat-peraci-pod-pritiskom","7":"product_shipping_class-alati-masine-makedonija","8":"pa_b-lavor","9":"pa_market-ba","10":"pa_market-mk","11":"pa_market-rs","12":"pa_napon-230v-50hz","13":"pa_pritisak-180-bar","14":"pa_snaga-2500-w","16":"first","17":"outofstock","18":"sale","19":"taxable","20":"shipping-taxable","21":"purchasable","22":"product-type-simple"},"acf":[],"seolaxy_ctr_woo_product_custom_meta_description_content":"","_links":{"self":[{"href":"https:\/\/www.sinpeks.com\/rs\/wp-json\/wp\/v2\/product\/13736","targetHints":{"allow":["GET"]}}],"collection":[{"href":"https:\/\/www.sinpeks.com\/rs\/wp-json\/wp\/v2\/product"}],"about":[{"href":"https:\/\/www.sinpeks.com\/rs\/wp-json\/wp\/v2\/types\/product"}],"replies":[{"embeddable":true,"href":"https:\/\/www.sinpeks.com\/rs\/wp-json\/wp\/v2\/comments?post=13736"}],"wp:featuredmedia":[{"embeddable":true,"href":"https:\/\/www.sinpeks.com\/rs\/wp-json\/wp\/v2\/media\/15700"}],"wp:attachment":[{"href":"https:\/\/www.sinpeks.com\/rs\/wp-json\/wp\/v2\/media?parent=13736"}],"wp:term":[{"taxonomy":"product_cat","embeddable":true,"href":"https:\/\/www.sinpeks.com\/rs\/wp-json\/wp\/v2\/product_cat?post=13736"},{"taxonomy":"product_tag","embeddable":true,"href":"https:\/\/www.sinpeks.com\/rs\/wp-json\/wp\/v2\/product_tag?post=13736"}],"curies":[{"name":"wp","href":"https:\/\/api.w.org\/{rel}","templated":true}]}}