{"id":13735,"date":"2025-01-20T18:22:09","date_gmt":"2025-01-20T18:22:09","guid":{"rendered":"https:\/\/www.sinpeks.com\/rs\/p\/auto-perilica-hpw-torrens-2015-sa-toplom-vodom-profi\/"},"modified":"2026-05-11T13:43:02","modified_gmt":"2026-05-11T13:43:02","slug":"auto-perilica-hpw-torrens-2015-sa-toplom-vodom-profi","status":"publish","type":"product","link":"https:\/\/www.sinpeks.com\/rs\/p\/auto-perilica-hpw-torrens-2015-sa-toplom-vodom-profi\/","title":{"rendered":"Auto pera\u010d HPW TORRENS 2015 LP sa toplom vodom &#8211; Profi"},"content":{"rendered":"<p>Profesionalni ure\u0111aj za \u010di\u0161c\u0301enje pod visokim pritiskom sa toplom vodom. Ima \u010detvoropolni elektromotor sa termi\u010dkom za\u0161titom, ugra\u0111en bajpas ventil, funkciju totalnog zaustavljanja i kabl za napajanje du\u017eine 5 metara. Kao ure\u0111aj visokog kvaliteta, nudi izuzetno dobre performanse, visoku pouzdanost i lakoc\u0301u kori\u0161c\u0301enja. Namenjen je za \u010di\u0161c\u0301enje vozila, ma\u0161ina, opreme, podova, nadzemnih zidova<\/p>\n","protected":false},"excerpt":{"rendered":"<p>Profesionalni ure\u0111aj za \u010di\u0161c\u0301enje pod visokim pritiskom sa toplom vodom. Ima \u010detvoropolni elektromotor sa termi\u010dkom za\u0161titom, ugra\u0111en bajpas ventil, funkciju totalnog zaustavljanja i kabl za napajanje du\u017eine 5 metara. Kao ure\u0111aj visokog kvaliteta, nudi izuzetno dobre performanse, visoku pouzdanost i lakoc\u0301u kori\u0161c\u0301enja. Namenjen je za \u010di\u0161c\u0301enje vozila, ma\u0161ina, opreme, podova, nadzemnih zidova<\/p>\n","protected":false},"featured_media":15702,"comment_status":"open","ping_status":"closed","template":"","meta":{"_acf_changed":false},"product_cat":[223],"product_tag":[],"class_list":{"0":"post-13735","1":"product","2":"type-product","3":"status-publish","4":"has-post-thumbnail","6":"product_cat-peraci-pod-pritiskom","7":"product_shipping_class-alati-masine-makedonija","8":"pa_b-lavor","9":"pa_market-ba","10":"pa_market-mk","11":"pa_market-rs","12":"pa_napon-400v-50hz","13":"pa_pritisak-200-bar","14":"pa_snaga-motora-7300-w","16":"first","17":"instock","18":"sale","19":"taxable","20":"shipping-taxable","21":"purchasable","22":"product-type-simple"},"acf":[],"seolaxy_ctr_woo_product_custom_meta_description_content":"","_links":{"self":[{"href":"https:\/\/www.sinpeks.com\/rs\/wp-json\/wp\/v2\/product\/13735","targetHints":{"allow":["GET"]}}],"collection":[{"href":"https:\/\/www.sinpeks.com\/rs\/wp-json\/wp\/v2\/product"}],"about":[{"href":"https:\/\/www.sinpeks.com\/rs\/wp-json\/wp\/v2\/types\/product"}],"replies":[{"embeddable":true,"href":"https:\/\/www.sinpeks.com\/rs\/wp-json\/wp\/v2\/comments?post=13735"}],"wp:featuredmedia":[{"embeddable":true,"href":"https:\/\/www.sinpeks.com\/rs\/wp-json\/wp\/v2\/media\/15702"}],"wp:attachment":[{"href":"https:\/\/www.sinpeks.com\/rs\/wp-json\/wp\/v2\/media?parent=13735"}],"wp:term":[{"taxonomy":"product_cat","embeddable":true,"href":"https:\/\/www.sinpeks.com\/rs\/wp-json\/wp\/v2\/product_cat?post=13735"},{"taxonomy":"product_tag","embeddable":true,"href":"https:\/\/www.sinpeks.com\/rs\/wp-json\/wp\/v2\/product_tag?post=13735"}],"curies":[{"name":"wp","href":"https:\/\/api.w.org\/{rel}","templated":true}]}}