{"id":13732,"date":"2025-01-20T18:22:08","date_gmt":"2025-01-20T18:22:08","guid":{"rendered":"https:\/\/www.sinpeks.com\/rs\/p\/hidrofor-sa-injektorom-od-800w\/"},"modified":"2026-01-13T10:55:11","modified_gmt":"2026-01-13T10:55:11","slug":"hidrofor-sa-injektorom-od-800w","status":"publish","type":"product","link":"https:\/\/www.sinpeks.com\/rs\/p\/hidrofor-sa-injektorom-od-800w\/","title":{"rendered":"Hidrofor sa injektorom od 800W"},"content":{"rendered":"<p>Hidrofor sa Agrina injektorom sa fla\u0161om od 20 litara namenjen za povec\u0301anje pritiska vode. Idealno za zadovoljavanje va\u0161ih potreba ako imate problem sa pritiskom vode na vi\u0161im spratovima va\u0161e kuc\u0301e. Injektor omoguc\u0301ava va\u0111enje vode sa dubine od 25 metara<\/p>\n","protected":false},"excerpt":{"rendered":"<p>Hidrofor sa Agrina injektorom sa fla\u0161om od 20 litara namenjen za povec\u0301anje pritiska vode. Idealno za zadovoljavanje va\u0161ih potreba ako imate problem sa pritiskom vode na vi\u0161im spratovima va\u0161e kuc\u0301e. Injektor omoguc\u0301ava va\u0111enje vode sa dubine od 25 metara<\/p>\n","protected":false},"featured_media":19345,"comment_status":"open","ping_status":"closed","template":"","meta":{"_acf_changed":false},"product_cat":[241],"product_tag":[],"class_list":{"0":"post-13732","1":"product","2":"type-product","3":"status-publish","4":"has-post-thumbnail","6":"product_cat-hidrofori","7":"product_shipping_class-alati-masine-makedonija","8":"pa_b-agrina","9":"pa_maksimalna-dubina-20m","10":"pa_maksimalna-visina-45-m","11":"pa_maksimalni-protok-2400-l-min","12":"pa_market-ba","13":"pa_market-mk","14":"pa_market-rs","15":"pa_snaga-motora-800-w","17":"first","18":"outofstock","19":"sale","20":"taxable","21":"shipping-taxable","22":"purchasable","23":"product-type-simple"},"acf":[],"seolaxy_ctr_woo_product_custom_meta_description_content":"","_links":{"self":[{"href":"https:\/\/www.sinpeks.com\/rs\/wp-json\/wp\/v2\/product\/13732","targetHints":{"allow":["GET"]}}],"collection":[{"href":"https:\/\/www.sinpeks.com\/rs\/wp-json\/wp\/v2\/product"}],"about":[{"href":"https:\/\/www.sinpeks.com\/rs\/wp-json\/wp\/v2\/types\/product"}],"replies":[{"embeddable":true,"href":"https:\/\/www.sinpeks.com\/rs\/wp-json\/wp\/v2\/comments?post=13732"}],"wp:featuredmedia":[{"embeddable":true,"href":"https:\/\/www.sinpeks.com\/rs\/wp-json\/wp\/v2\/media\/19345"}],"wp:attachment":[{"href":"https:\/\/www.sinpeks.com\/rs\/wp-json\/wp\/v2\/media?parent=13732"}],"wp:term":[{"taxonomy":"product_cat","embeddable":true,"href":"https:\/\/www.sinpeks.com\/rs\/wp-json\/wp\/v2\/product_cat?post=13732"},{"taxonomy":"product_tag","embeddable":true,"href":"https:\/\/www.sinpeks.com\/rs\/wp-json\/wp\/v2\/product_tag?post=13732"}],"curies":[{"name":"wp","href":"https:\/\/api.w.org\/{rel}","templated":true}]}}