{"id":13731,"date":"2025-01-20T18:22:08","date_gmt":"2025-01-20T18:22:08","guid":{"rendered":"https:\/\/www.sinpeks.com\/rs\/p\/hidrofor-800w\/"},"modified":"2026-02-17T07:57:26","modified_gmt":"2026-02-17T07:57:26","slug":"hidrofor-800w","status":"publish","type":"product","link":"https:\/\/www.sinpeks.com\/rs\/p\/hidrofor-800w\/","title":{"rendered":"Hidrofor 800W"},"content":{"rendered":"<p>Sistemsko re\u0161enje za odvo\u0111enje\/va\u0111enje vode iz bu\u0161otina, bunara ili povr\u0161inskih izvora (akumulacija) do mesta gde postoji potreba za vec\u0301im pritiskom proizvedenog fluida. Koristi se u kuc\u0301i, ba\u0161ti, vikendici&#8230;<\/p>\n","protected":false},"excerpt":{"rendered":"<p>Sistemsko re\u0161enje za odvo\u0111enje\/va\u0111enje vode iz bu\u0161otina, bunara ili povr\u0161inskih izvora (akumulacija) do mesta gde postoji potreba za vec\u0301im pritiskom proizvedenog fluida. Koristi se u kuc\u0301i, ba\u0161ti, vikendici&#8230;<\/p>\n","protected":false},"featured_media":19343,"comment_status":"open","ping_status":"closed","template":"","meta":{"_acf_changed":false},"product_cat":[241],"product_tag":[],"class_list":{"0":"post-13731","1":"product","2":"type-product","3":"status-publish","4":"has-post-thumbnail","6":"product_cat-hidrofori","7":"product_shipping_class-alati-masine-makedonija","8":"pa_b-agrina","9":"pa_maksimalna-dubina-8-m","10":"pa_maksimalna-visina-38-m","11":"pa_maksimalni-protok-3200-l-h","12":"pa_market-ba","13":"pa_market-mk","14":"pa_market-rs","15":"pa_snaga-motora-800-w","17":"first","18":"outofstock","19":"sale","20":"taxable","21":"shipping-taxable","22":"purchasable","23":"product-type-simple"},"acf":[],"seolaxy_ctr_woo_product_custom_meta_description_content":"","_links":{"self":[{"href":"https:\/\/www.sinpeks.com\/rs\/wp-json\/wp\/v2\/product\/13731","targetHints":{"allow":["GET"]}}],"collection":[{"href":"https:\/\/www.sinpeks.com\/rs\/wp-json\/wp\/v2\/product"}],"about":[{"href":"https:\/\/www.sinpeks.com\/rs\/wp-json\/wp\/v2\/types\/product"}],"replies":[{"embeddable":true,"href":"https:\/\/www.sinpeks.com\/rs\/wp-json\/wp\/v2\/comments?post=13731"}],"wp:featuredmedia":[{"embeddable":true,"href":"https:\/\/www.sinpeks.com\/rs\/wp-json\/wp\/v2\/media\/19343"}],"wp:attachment":[{"href":"https:\/\/www.sinpeks.com\/rs\/wp-json\/wp\/v2\/media?parent=13731"}],"wp:term":[{"taxonomy":"product_cat","embeddable":true,"href":"https:\/\/www.sinpeks.com\/rs\/wp-json\/wp\/v2\/product_cat?post=13731"},{"taxonomy":"product_tag","embeddable":true,"href":"https:\/\/www.sinpeks.com\/rs\/wp-json\/wp\/v2\/product_tag?post=13731"}],"curies":[{"name":"wp","href":"https:\/\/api.w.org\/{rel}","templated":true}]}}