{"id":13727,"date":"2025-01-20T18:22:07","date_gmt":"2025-01-20T18:22:07","guid":{"rendered":"https:\/\/www.sinpeks.com\/rs\/p\/hidrofor-gardena-800w-3700-4\/"},"modified":"2026-01-13T11:27:12","modified_gmt":"2026-01-13T11:27:12","slug":"hidrofor-gardena-800w-3700-4","status":"publish","type":"product","link":"https:\/\/www.sinpeks.com\/rs\/p\/hidrofor-gardena-800w-3700-4\/","title":{"rendered":"Hidrofor Gardena 800W 3700\/4"},"content":{"rendered":"<p>Hidrofor GARDENA 3700\/4 nudi re\u0161enje visokih performansi za automatsko snabdevanje vodom u va\u0161em domu ili ba\u0161ti. Lako se ugra\u0111uje u kuc\u0301u kao sastavni deo va\u0161eg vodovodnog sistema. Stacionarna elektri\u010dna pumpa distribuira vodu iz rezervoara za ki\u0161nicu, bunara ili cisterni do mesta gde je potrebna u celoj kuc\u0301i. Sa kuc\u0301i\u0161tem od livenog gvo\u017e\u0111a i sna\u017enim motorom od 800 V, ova visoko efikasna pumpa je napravljena da traje i laka je za odr\u017eavanje. . Sa protokom vode do 3600 litara na sat i radnim pritiskom od 4,1 bar, dovoljno je moc\u0301an za vi\u0161estruku upotrebu sa po\u010detnom vu\u010dnom silom do 7 metara. Zahvaljujuc\u0301i kuc\u0301i\u0161tu od livenog gvo\u017e\u0111a, radi sa niskom bukom. Hidrofor GARDENA 3700\/4 je dizajniran za jednostavnu ugradnju, kompaktan je i izdr\u017eljiv. Rezervoar od 19 litara, napravljen od visokokvalitetne EPDM membrane, je izdr\u017eljiv, dugotrajan i obezbe\u0111uje kratke faze pumpe. Elektri\u010dna pumpa radi efikasno i bezbedno sa ugra\u0111enim automatskim sigurnosnim prekida\u010dem koji zaustavlja rad u slu\u010daju pregrevanja motora. Dodatni priklju\u010dak za punjenje obezbe\u0111uje brzu i laku instalaciju. Ugra\u0111eni manometar vam omoguc\u0301ava da pratite rad pumpe, a tu je i jednostavan prekida\u010d za uklju\u010divanje \/ isklju\u010divanje. Pre prvog mraza, jednostavno ispraznite pumpu pomoc\u0301u \u010depa za ispu\u0161tanje. Kuc\u0301i\u0161te pumpe je savr\u0161eno za sve vrste fiksnih instalacija i omoguc\u0301ava rad sa niskim nivoom buke. Slanu vodu, agresivne ili lako zapaljive materije ne smeju se pumpati.<\/p>\n","protected":false},"excerpt":{"rendered":"<p>Hidrofor GARDENA 3700\/4 nudi re\u0161enje visokih performansi za automatsko snabdevanje vodom u va\u0161em domu ili ba\u0161ti. Lako se ugra\u0111uje u kuc\u0301u kao sastavni deo va\u0161eg vodovodnog sistema. Stacionarna elektri\u010dna pumpa distribuira vodu iz rezervoara za ki\u0161nicu, bunara ili cisterni do mesta gde je potrebna u celoj kuc\u0301i. Sa kuc\u0301i\u0161tem od livenog gvo\u017e\u0111a i sna\u017enim motorom [&hellip;]<\/p>\n","protected":false},"featured_media":19377,"comment_status":"open","ping_status":"closed","template":"","meta":{"_acf_changed":false},"product_cat":[241],"product_tag":[],"class_list":{"0":"post-13727","1":"product","2":"type-product","3":"status-publish","4":"has-post-thumbnail","6":"product_cat-hidrofori","7":"product_shipping_class-alati-masine-makedonija","8":"pa_b-gardena","9":"pa_maksimalna-dubina-7-m","10":"pa_maksimalna-visina-41-m","11":"pa_maksimalni-protok-3700-l-h","12":"pa_market-ba","13":"pa_market-mk","14":"pa_market-rs","15":"pa_snaga-motora-800-w","17":"first","18":"outofstock","19":"sale","20":"taxable","21":"shipping-taxable","22":"purchasable","23":"product-type-simple"},"acf":[],"seolaxy_ctr_woo_product_custom_meta_description_content":"","_links":{"self":[{"href":"https:\/\/www.sinpeks.com\/rs\/wp-json\/wp\/v2\/product\/13727","targetHints":{"allow":["GET"]}}],"collection":[{"href":"https:\/\/www.sinpeks.com\/rs\/wp-json\/wp\/v2\/product"}],"about":[{"href":"https:\/\/www.sinpeks.com\/rs\/wp-json\/wp\/v2\/types\/product"}],"replies":[{"embeddable":true,"href":"https:\/\/www.sinpeks.com\/rs\/wp-json\/wp\/v2\/comments?post=13727"}],"wp:featuredmedia":[{"embeddable":true,"href":"https:\/\/www.sinpeks.com\/rs\/wp-json\/wp\/v2\/media\/19377"}],"wp:attachment":[{"href":"https:\/\/www.sinpeks.com\/rs\/wp-json\/wp\/v2\/media?parent=13727"}],"wp:term":[{"taxonomy":"product_cat","embeddable":true,"href":"https:\/\/www.sinpeks.com\/rs\/wp-json\/wp\/v2\/product_cat?post=13727"},{"taxonomy":"product_tag","embeddable":true,"href":"https:\/\/www.sinpeks.com\/rs\/wp-json\/wp\/v2\/product_tag?post=13727"}],"curies":[{"name":"wp","href":"https:\/\/api.w.org\/{rel}","templated":true}]}}