{"id":13724,"date":"2025-01-20T18:22:06","date_gmt":"2025-01-20T18:22:06","guid":{"rendered":"https:\/\/www.sinpeks.com\/rs\/p\/hidroforna-pumpa-1-1kw\/"},"modified":"2026-05-04T20:12:52","modified_gmt":"2026-05-04T20:12:52","slug":"hidroforna-pumpa-1-1kw","status":"publish","type":"product","link":"https:\/\/www.sinpeks.com\/rs\/p\/hidroforna-pumpa-1-1kw\/","title":{"rendered":"Hidroforna pumpa 1.1KW"},"content":{"rendered":"<p>Pumpa za \u010distu vodu snage 1,1 KW Idealno za ljubitelje dvori\u0161ta i ba\u0161te.<\/p>\n","protected":false},"excerpt":{"rendered":"<p>Pumpa za \u010distu vodu snage 1,1 KW Idealno za ljubitelje dvori\u0161ta i ba\u0161te.<\/p>\n","protected":false},"featured_media":19392,"comment_status":"open","ping_status":"closed","template":"","meta":{"_acf_changed":false},"product_cat":[241],"product_tag":[],"class_list":{"0":"post-13724","1":"product","2":"type-product","3":"status-publish","4":"has-post-thumbnail","6":"product_cat-hidrofori","7":"product_shipping_class-alati-masine-makedonija","8":"pa_b-agrina","9":"pa_maksimalna-dubina-8-m","10":"pa_maksimalna-visina-45-m","11":"pa_maksimalni-protok-4200-l-h","12":"pa_market-ba","13":"pa_market-mk","14":"pa_market-rs","15":"pa_snaga-motora-1100-w","17":"first","18":"instock","19":"sale","20":"taxable","21":"shipping-taxable","22":"purchasable","23":"product-type-simple"},"acf":[],"seolaxy_ctr_woo_product_custom_meta_description_content":"","_links":{"self":[{"href":"https:\/\/www.sinpeks.com\/rs\/wp-json\/wp\/v2\/product\/13724","targetHints":{"allow":["GET"]}}],"collection":[{"href":"https:\/\/www.sinpeks.com\/rs\/wp-json\/wp\/v2\/product"}],"about":[{"href":"https:\/\/www.sinpeks.com\/rs\/wp-json\/wp\/v2\/types\/product"}],"replies":[{"embeddable":true,"href":"https:\/\/www.sinpeks.com\/rs\/wp-json\/wp\/v2\/comments?post=13724"}],"wp:featuredmedia":[{"embeddable":true,"href":"https:\/\/www.sinpeks.com\/rs\/wp-json\/wp\/v2\/media\/19392"}],"wp:attachment":[{"href":"https:\/\/www.sinpeks.com\/rs\/wp-json\/wp\/v2\/media?parent=13724"}],"wp:term":[{"taxonomy":"product_cat","embeddable":true,"href":"https:\/\/www.sinpeks.com\/rs\/wp-json\/wp\/v2\/product_cat?post=13724"},{"taxonomy":"product_tag","embeddable":true,"href":"https:\/\/www.sinpeks.com\/rs\/wp-json\/wp\/v2\/product_tag?post=13724"}],"curies":[{"name":"wp","href":"https:\/\/api.w.org\/{rel}","templated":true}]}}