{"id":13714,"date":"2025-01-20T18:22:04","date_gmt":"2025-01-20T18:22:04","guid":{"rendered":"https:\/\/www.sinpeks.com\/rs\/p\/elektricna-pumpa-gardena-4100-silent\/"},"modified":"2026-05-04T21:41:45","modified_gmt":"2026-05-04T21:41:45","slug":"elektricna-pumpa-gardena-4100-silent","status":"publish","type":"product","link":"https:\/\/www.sinpeks.com\/rs\/p\/elektricna-pumpa-gardena-4100-silent\/","title":{"rendered":"Elektri\u010dna pumpa Gardena 4100 Silent"},"content":{"rendered":"<p>Elektri\u010dna pumpa Gardena 4100 Silent je pumpa sa neverovatno niskim nivoom buke i snage u svojoj klasi. Ba\u0161tenska pumpa 4100 Silent je va\u0161 savr\u0161en uvod u svet moc\u0301nih, efikasnih i ekonomi\u010dnih pumpi kompanije GARDENA. Razvijena u Nema\u010dkoj, pumpa ima potro\u0161nju energije od samo 550 vati, \u0161tedi energiju zahvaljujuc\u0301i efikasnoj hidraulici i posti\u017ee protok od 4100 litara na sat pri N od 36 metara (3,6 bara). Zbog toga je pumpa savr\u0161ena za upotrebu sa prskalicama. Vodu crpi sa dubine do 8 metara. Bez obzira da li je koristite za zalivanje ba\u0161te, ispumpavanje oluka i ki\u0161nice ili pra\u017enjenje bazena, ba\u0161tenska pumpa je raznovrsna i fleksibilna u upotrebi. Ba\u0161tenska pumpa 4100 Silent je relativno tiha sa maksimalnim nivoom buke od 50 dB(A) zvu\u010dnog pritiska na udaljenosti od 5 m. Manja zapremina je postignuta plasti\u010dnim kuc\u0301i\u0161tem koje smanjuje buku. Gumene no\u017eice osiguravaju \u010dvrsto prianjanje i rad bez vibracija. Lako ga mo\u017eete transportovati zahvaljujuc\u0301i ergonomskoj ru\u010dki. Sa pumpom pod pritiskom birate odr\u017eivu upotrebu vode, koristite svoje rezervoare za vodu kao \u0161to su bunari, burad za ki\u0161u ili cisterne da biste u\u0161tedeli dragocenu sve\u017eu vodu. Naro\u010dito u suvim letima, ovo je dobro i za va\u0161 nov\u010danik i za \u017eivotnu sredinu. Lako dostupan prekida\u010d za napajanje je tako dobro pozicioniran da njime mo\u017eete udobno upravljati i nogom. Elektri\u010dna pumpa se mo\u017ee ostaviti napolju tokom ba\u0161tenske sezone jer je pogodna za spolja\u0161nju upotrebu. To zna\u010di da na njega ne uti\u010du vla\u017eni uslovi kao \u0161to su magla i stalna ki\u0161a, niti c\u0301ete imati problema na ekstremnom suncu. Mo\u017eete ga postaviti odmah pored izvora vode, \u0161to ga \u010dini izuzetno efikasnim. Dvostruki sistem zaptivanja izme\u0111u motora i pogona pumpe, kerami\u010dka zaptivka i osovina od ner\u0111ajuc\u0301eg \u010delika \u010dine pumpu robusnom i izdr\u017eljivom. Kori\u0161c\u0301eni materijali su visokog kvaliteta. Prekida\u010d za termi\u010dku za\u0161titu spre\u010dava moguc\u0301e preopterec\u0301enje motora. Koristite veliki otvor za punjenje za lako punjenje i odvodni ventil za prakti\u010dno pra\u017enjenje. Odvod vode \u0161titi pumpu od o\u0161tec\u0301enja od smrzavanja. Osetite snagu GARDENA pumpi.<\/p>\n","protected":false},"excerpt":{"rendered":"<p>Elektri\u010dna pumpa Gardena 4100 Silent je pumpa sa neverovatno niskim nivoom buke i snage u svojoj klasi. Ba\u0161tenska pumpa 4100 Silent je va\u0161 savr\u0161en uvod u svet moc\u0301nih, efikasnih i ekonomi\u010dnih pumpi kompanije GARDENA. Razvijena u Nema\u010dkoj, pumpa ima potro\u0161nju energije od samo 550 vati, \u0161tedi energiju zahvaljujuc\u0301i efikasnoj hidraulici i posti\u017ee protok od 4100 [&hellip;]<\/p>\n","protected":false},"featured_media":19398,"comment_status":"open","ping_status":"closed","template":"","meta":{"_acf_changed":false},"product_cat":[239],"product_tag":[],"class_list":{"0":"post-13714","1":"product","2":"type-product","3":"status-publish","4":"has-post-thumbnail","6":"product_cat-za-navodnjavanje","7":"product_shipping_class-alati-masine-makedonija","8":"pa_b-gardena","9":"pa_maksimalna-dubina-8-m","10":"pa_maksimalna-visina-36-m","11":"pa_maksimalni-protok-4100-l-h","12":"pa_market-ba","13":"pa_market-mk","14":"pa_market-rs","15":"pa_tip-pumpe-za-vodu-elektricne","17":"first","18":"outofstock","19":"sale","20":"taxable","21":"shipping-taxable","22":"purchasable","23":"product-type-simple"},"acf":[],"seolaxy_ctr_woo_product_custom_meta_description_content":"","_links":{"self":[{"href":"https:\/\/www.sinpeks.com\/rs\/wp-json\/wp\/v2\/product\/13714","targetHints":{"allow":["GET"]}}],"collection":[{"href":"https:\/\/www.sinpeks.com\/rs\/wp-json\/wp\/v2\/product"}],"about":[{"href":"https:\/\/www.sinpeks.com\/rs\/wp-json\/wp\/v2\/types\/product"}],"replies":[{"embeddable":true,"href":"https:\/\/www.sinpeks.com\/rs\/wp-json\/wp\/v2\/comments?post=13714"}],"wp:featuredmedia":[{"embeddable":true,"href":"https:\/\/www.sinpeks.com\/rs\/wp-json\/wp\/v2\/media\/19398"}],"wp:attachment":[{"href":"https:\/\/www.sinpeks.com\/rs\/wp-json\/wp\/v2\/media?parent=13714"}],"wp:term":[{"taxonomy":"product_cat","embeddable":true,"href":"https:\/\/www.sinpeks.com\/rs\/wp-json\/wp\/v2\/product_cat?post=13714"},{"taxonomy":"product_tag","embeddable":true,"href":"https:\/\/www.sinpeks.com\/rs\/wp-json\/wp\/v2\/product_tag?post=13714"}],"curies":[{"name":"wp","href":"https:\/\/api.w.org\/{rel}","templated":true}]}}