{"id":13712,"date":"2025-01-20T18:22:03","date_gmt":"2025-01-20T18:22:03","guid":{"rendered":"https:\/\/www.sinpeks.com\/rs\/p\/drenazna-pumpa-za-cistu-vodu-pedrolo-rksm1\/"},"modified":"2026-05-04T20:11:08","modified_gmt":"2026-05-04T20:11:08","slug":"drenazna-pumpa-za-cistu-vodu-pedrolo-rksm1","status":"publish","type":"product","link":"https:\/\/www.sinpeks.com\/rs\/p\/drenazna-pumpa-za-cistu-vodu-pedrolo-rksm1\/","title":{"rendered":"Drena\u017ena pumpa za \u010distu vodu Pedrolo RXm1"},"content":{"rendered":"<p>Pumpe serije RX su pogodne za upotrebu sa \u010distom vodom koja ne sadr\u017ei abrazivne \u010destice. Zahvaljujuc\u0301i usvojenim dizajnerskim re\u0161enjima, kao \u0161to su potpuno hla\u0111enje motora i vratilo sa dvostrukim zaptiva\u010dem, ove pumpe su jednostavne za upotrebu i pouzdane. Pogodne su za upotrebu u fiksnim instalacijama i primenama kao \u0161to je odvodnjavanje malih poplavljenih podru\u010dja (sobe, podrumi, gara\u017ee) u slu\u010daju nu\u017ede, za odlaganje otpadnih voda u domac\u0301instvu (iz ma\u0161ina za pranje sudova, ma\u0161ina za pranje ve\u0161a) i za pra\u017enjenje drena\u017enih sifona.<\/p>\n","protected":false},"excerpt":{"rendered":"<p>Pumpe serije RX su pogodne za upotrebu sa \u010distom vodom koja ne sadr\u017ei abrazivne \u010destice. Zahvaljujuc\u0301i usvojenim dizajnerskim re\u0161enjima, kao \u0161to su potpuno hla\u0111enje motora i vratilo sa dvostrukim zaptiva\u010dem, ove pumpe su jednostavne za upotrebu i pouzdane. Pogodne su za upotrebu u fiksnim instalacijama i primenama kao \u0161to je odvodnjavanje malih poplavljenih podru\u010dja (sobe, [&hellip;]<\/p>\n","protected":false},"featured_media":19362,"comment_status":"open","ping_status":"closed","template":"","meta":{"_acf_changed":false},"product_cat":[236],"product_tag":[],"class_list":{"0":"post-13712","1":"product","2":"type-product","3":"status-publish","4":"has-post-thumbnail","6":"product_cat-potapajuce","7":"product_shipping_class-alati-masine-makedonija","8":"pa_b-pedrollo","9":"pa_maksimalna-dubina-10-m","10":"pa_maksimalna-visina-7-5-m","11":"pa_maksimalni-protok-18000-l-h","12":"pa_market-ba","13":"pa_market-mk","14":"pa_market-rs","15":"pa_snaga-motora-250-w","17":"first","18":"outofstock","19":"sale","20":"taxable","21":"shipping-taxable","22":"purchasable","23":"product-type-simple"},"acf":[],"seolaxy_ctr_woo_product_custom_meta_description_content":"","_links":{"self":[{"href":"https:\/\/www.sinpeks.com\/rs\/wp-json\/wp\/v2\/product\/13712","targetHints":{"allow":["GET"]}}],"collection":[{"href":"https:\/\/www.sinpeks.com\/rs\/wp-json\/wp\/v2\/product"}],"about":[{"href":"https:\/\/www.sinpeks.com\/rs\/wp-json\/wp\/v2\/types\/product"}],"replies":[{"embeddable":true,"href":"https:\/\/www.sinpeks.com\/rs\/wp-json\/wp\/v2\/comments?post=13712"}],"wp:featuredmedia":[{"embeddable":true,"href":"https:\/\/www.sinpeks.com\/rs\/wp-json\/wp\/v2\/media\/19362"}],"wp:attachment":[{"href":"https:\/\/www.sinpeks.com\/rs\/wp-json\/wp\/v2\/media?parent=13712"}],"wp:term":[{"taxonomy":"product_cat","embeddable":true,"href":"https:\/\/www.sinpeks.com\/rs\/wp-json\/wp\/v2\/product_cat?post=13712"},{"taxonomy":"product_tag","embeddable":true,"href":"https:\/\/www.sinpeks.com\/rs\/wp-json\/wp\/v2\/product_tag?post=13712"}],"curies":[{"name":"wp","href":"https:\/\/api.w.org\/{rel}","templated":true}]}}