{"id":13642,"date":"2025-01-20T18:21:49","date_gmt":"2025-01-20T18:21:49","guid":{"rendered":"https:\/\/www.sinpeks.com\/rs\/p\/makaze-za-grane-easy-cut-680a\/"},"modified":"2026-01-13T11:08:59","modified_gmt":"2026-01-13T11:08:59","slug":"makaze-za-grane-easy-cut-680a","status":"publish","type":"product","link":"https:\/\/www.sinpeks.com\/rs\/p\/makaze-za-grane-easy-cut-680a\/","title":{"rendered":"Makaze za grane Easy Cut 680A"},"content":{"rendered":"<p>Gardena 680A su makaze kojima c\u0301ete moc\u0301i da se\u010dete i najtvr\u0111e suve grane. Njihova mala te\u017eina poma\u017ee vam da se\u010dete bez umora ruku.<\/p>\n","protected":false},"excerpt":{"rendered":"<p>Gardena 680A su makaze kojima c\u0301ete moc\u0301i da se\u010dete i najtvr\u0111e suve grane. Njihova mala te\u017eina poma\u017ee vam da se\u010dete bez umora ruku.<\/p>\n","protected":false},"featured_media":18821,"comment_status":"open","ping_status":"closed","template":"","meta":{"_acf_changed":false},"product_cat":[3462],"product_tag":[],"class_list":{"0":"post-13642","1":"product","2":"type-product","3":"status-publish","4":"has-post-thumbnail","6":"product_cat-makaze-za-orezivanje","7":"product_shipping_class-alati-masine-makedonija","8":"pa_b-gardena","9":"pa_market-ba","10":"pa_market-mk","11":"pa_market-rs","13":"first","14":"instock","15":"sale","16":"taxable","17":"shipping-taxable","18":"purchasable","19":"product-type-simple"},"acf":[],"seolaxy_ctr_woo_product_custom_meta_description_content":"","_links":{"self":[{"href":"https:\/\/www.sinpeks.com\/rs\/wp-json\/wp\/v2\/product\/13642","targetHints":{"allow":["GET"]}}],"collection":[{"href":"https:\/\/www.sinpeks.com\/rs\/wp-json\/wp\/v2\/product"}],"about":[{"href":"https:\/\/www.sinpeks.com\/rs\/wp-json\/wp\/v2\/types\/product"}],"replies":[{"embeddable":true,"href":"https:\/\/www.sinpeks.com\/rs\/wp-json\/wp\/v2\/comments?post=13642"}],"wp:featuredmedia":[{"embeddable":true,"href":"https:\/\/www.sinpeks.com\/rs\/wp-json\/wp\/v2\/media\/18821"}],"wp:attachment":[{"href":"https:\/\/www.sinpeks.com\/rs\/wp-json\/wp\/v2\/media?parent=13642"}],"wp:term":[{"taxonomy":"product_cat","embeddable":true,"href":"https:\/\/www.sinpeks.com\/rs\/wp-json\/wp\/v2\/product_cat?post=13642"},{"taxonomy":"product_tag","embeddable":true,"href":"https:\/\/www.sinpeks.com\/rs\/wp-json\/wp\/v2\/product_tag?post=13642"}],"curies":[{"name":"wp","href":"https:\/\/api.w.org\/{rel}","templated":true}]}}