{"id":13638,"date":"2025-01-20T18:21:48","date_gmt":"2025-01-20T18:21:48","guid":{"rendered":"https:\/\/www.sinpeks.com\/rs\/p\/makaze-taia\/"},"modified":"2026-05-04T21:21:14","modified_gmt":"2026-05-04T21:21:14","slug":"makaze-taia","status":"publish","type":"product","link":"https:\/\/www.sinpeks.com\/rs\/p\/makaze-taia\/","title":{"rendered":"Makaze TAIA"},"content":{"rendered":"<p>Profesionalne makaze od toplo kovanog \u010delika, \u0161to ih \u010dini veoma jakim i izdr\u017eljivim. Zahvaljujuc\u0301i dvostrukom se\u010divu, ovaj proizvod je idealan za primenu u orezivanju voc\u0301aka, pru\u017eajuc\u0301i precizne i glatke rezove koji spre\u010davaju stvaranje o\u017eiljaka na kori ili stvaranje novih klica. Makaze su univerzalne i mogu ih koristiti desnoruki i levoruki operateri.<\/p>\n","protected":false},"excerpt":{"rendered":"<p>Profesionalne makaze od toplo kovanog \u010delika, \u0161to ih \u010dini veoma jakim i izdr\u017eljivim. Zahvaljujuc\u0301i dvostrukom se\u010divu, ovaj proizvod je idealan za primenu u orezivanju voc\u0301aka, pru\u017eajuc\u0301i precizne i glatke rezove koji spre\u010davaju stvaranje o\u017eiljaka na kori ili stvaranje novih klica. Makaze su univerzalne i mogu ih koristiti desnoruki i levoruki operateri.<\/p>\n","protected":false},"featured_media":21021,"comment_status":"open","ping_status":"closed","template":"","meta":{"_acf_changed":false},"product_cat":[3462],"product_tag":[],"class_list":{"0":"post-13638","1":"product","2":"type-product","3":"status-publish","4":"has-post-thumbnail","6":"product_cat-makaze-za-orezivanje","7":"product_shipping_class-alati-masine-srbija","8":"pa_b-castellari","9":"pa_market-ba","10":"pa_market-mk","11":"pa_market-rs","13":"first","14":"instock","15":"sale","16":"taxable","17":"shipping-taxable","18":"purchasable","19":"product-type-simple"},"acf":[],"seolaxy_ctr_woo_product_custom_meta_description_content":"","_links":{"self":[{"href":"https:\/\/www.sinpeks.com\/rs\/wp-json\/wp\/v2\/product\/13638","targetHints":{"allow":["GET"]}}],"collection":[{"href":"https:\/\/www.sinpeks.com\/rs\/wp-json\/wp\/v2\/product"}],"about":[{"href":"https:\/\/www.sinpeks.com\/rs\/wp-json\/wp\/v2\/types\/product"}],"replies":[{"embeddable":true,"href":"https:\/\/www.sinpeks.com\/rs\/wp-json\/wp\/v2\/comments?post=13638"}],"wp:featuredmedia":[{"embeddable":true,"href":"https:\/\/www.sinpeks.com\/rs\/wp-json\/wp\/v2\/media\/21021"}],"wp:attachment":[{"href":"https:\/\/www.sinpeks.com\/rs\/wp-json\/wp\/v2\/media?parent=13638"}],"wp:term":[{"taxonomy":"product_cat","embeddable":true,"href":"https:\/\/www.sinpeks.com\/rs\/wp-json\/wp\/v2\/product_cat?post=13638"},{"taxonomy":"product_tag","embeddable":true,"href":"https:\/\/www.sinpeks.com\/rs\/wp-json\/wp\/v2\/product_tag?post=13638"}],"curies":[{"name":"wp","href":"https:\/\/api.w.org\/{rel}","templated":true}]}}