{"id":13637,"date":"2025-01-20T18:21:48","date_gmt":"2025-01-20T18:21:48","guid":{"rendered":"https:\/\/www.sinpeks.com\/rs\/p\/makaze-ladi-ii\/"},"modified":"2026-02-18T15:52:58","modified_gmt":"2026-02-18T15:52:58","slug":"makaze-ladi-ii","status":"publish","type":"product","link":"https:\/\/www.sinpeks.com\/rs\/p\/makaze-ladi-ii\/","title":{"rendered":"Makaze LADI II"},"content":{"rendered":"<p>Profesionalne makaze sa duplim no\u017eem sa zamenljivom jedinicom za se\u010denje idealne za voc\u0301ke. Se\u010diva od visokog ugljeni\u010dnog \u010delika su toplo kovana sa konvergentnim bru\u0161enjem u sredini \u0161to povec\u0301ava njihovo prodiranje u granu omoguc\u0301avajuc\u0301i \u010dist i precizan rez, \u010dime se izbegavaju o\u017eiljci od kore i o\u0161tec\u0301enja na stablu.Dr\u0161ka je univerzalnog tipa pogodna za de\u0161njake i levoruke i izra\u0111ena je od lagane toplo kovane aluminijumske legure. Povr\u0161inska obrada anodnom oksidacijom obezbe\u0111uje vec\u0301u otpornost.<\/p>\n","protected":false},"excerpt":{"rendered":"<p>Profesionalne makaze sa duplim no\u017eem sa zamenljivom jedinicom za se\u010denje idealne za voc\u0301ke. Se\u010diva od visokog ugljeni\u010dnog \u010delika su toplo kovana sa konvergentnim bru\u0161enjem u sredini \u0161to povec\u0301ava njihovo prodiranje u granu omoguc\u0301avajuc\u0301i \u010dist i precizan rez, \u010dime se izbegavaju o\u017eiljci od kore i o\u0161tec\u0301enja na stablu.Dr\u0161ka je univerzalnog tipa pogodna za de\u0161njake i levoruke [&hellip;]<\/p>\n","protected":false},"featured_media":18836,"comment_status":"open","ping_status":"closed","template":"","meta":{"_acf_changed":false},"product_cat":[3462],"product_tag":[],"class_list":{"0":"post-13637","1":"product","2":"type-product","3":"status-publish","4":"has-post-thumbnail","6":"product_cat-makaze-za-orezivanje","7":"product_shipping_class-alati-masine-srbija","8":"pa_b-castellari","9":"pa_market-ba","10":"pa_market-mk","11":"pa_market-rs","13":"first","14":"instock","15":"sale","16":"taxable","17":"shipping-taxable","18":"purchasable","19":"product-type-simple"},"acf":[],"seolaxy_ctr_woo_product_custom_meta_description_content":"","_links":{"self":[{"href":"https:\/\/www.sinpeks.com\/rs\/wp-json\/wp\/v2\/product\/13637","targetHints":{"allow":["GET"]}}],"collection":[{"href":"https:\/\/www.sinpeks.com\/rs\/wp-json\/wp\/v2\/product"}],"about":[{"href":"https:\/\/www.sinpeks.com\/rs\/wp-json\/wp\/v2\/types\/product"}],"replies":[{"embeddable":true,"href":"https:\/\/www.sinpeks.com\/rs\/wp-json\/wp\/v2\/comments?post=13637"}],"wp:featuredmedia":[{"embeddable":true,"href":"https:\/\/www.sinpeks.com\/rs\/wp-json\/wp\/v2\/media\/18836"}],"wp:attachment":[{"href":"https:\/\/www.sinpeks.com\/rs\/wp-json\/wp\/v2\/media?parent=13637"}],"wp:term":[{"taxonomy":"product_cat","embeddable":true,"href":"https:\/\/www.sinpeks.com\/rs\/wp-json\/wp\/v2\/product_cat?post=13637"},{"taxonomy":"product_tag","embeddable":true,"href":"https:\/\/www.sinpeks.com\/rs\/wp-json\/wp\/v2\/product_tag?post=13637"}],"curies":[{"name":"wp","href":"https:\/\/api.w.org\/{rel}","templated":true}]}}