{"id":13634,"date":"2025-01-20T18:21:47","date_gmt":"2025-01-20T18:21:47","guid":{"rendered":"https:\/\/www.sinpeks.com\/rs\/p\/ergonomske-makaze-za-rezidbu\/"},"modified":"2026-03-19T15:24:06","modified_gmt":"2026-03-19T15:24:06","slug":"ergonomske-makaze-za-rezidbu","status":"publish","type":"product","link":"https:\/\/www.sinpeks.com\/rs\/p\/ergonomske-makaze-za-rezidbu\/","title":{"rendered":"Ergonomske makaze za rezidbu"},"content":{"rendered":"<p>Profesionalne makaze sa zakrivljenom glavom koja omoguc\u0301ava da grana ostane mirna tokom se\u010denja, izbegavajuc\u0301i povratni udar spoja. Dr\u0161ka je ergonomski dizajnirana i pogodna je za de\u0161njake i levoruke.Donja o\u0161trica je izra\u0111ena od vruc\u0301e kovane lake legure aluminijuma, a povr\u0161inska obrada napravljena anodnom oksidacijom pru\u017ea vec\u0301u otpornost na makaze. No\u017e je napravljen od toplo kovanog \u010delika. Zarez se\u010diva smanjuje napor potreban za se\u010denje jer povec\u0301ava prodiranje u granu.<\/p>\n","protected":false},"excerpt":{"rendered":"<p>Profesionalne makaze sa zakrivljenom glavom koja omoguc\u0301ava da grana ostane mirna tokom se\u010denja, izbegavajuc\u0301i povratni udar spoja. Dr\u0161ka je ergonomski dizajnirana i pogodna je za de\u0161njake i levoruke.Donja o\u0161trica je izra\u0111ena od vruc\u0301e kovane lake legure aluminijuma, a povr\u0161inska obrada napravljena anodnom oksidacijom pru\u017ea vec\u0301u otpornost na makaze. No\u017e je napravljen od toplo kovanog \u010delika. [&hellip;]<\/p>\n","protected":false},"featured_media":16228,"comment_status":"open","ping_status":"closed","template":"","meta":{"_acf_changed":false},"product_cat":[3462],"product_tag":[],"class_list":{"0":"post-13634","1":"product","2":"type-product","3":"status-publish","4":"has-post-thumbnail","6":"product_cat-makaze-za-orezivanje","7":"product_shipping_class-alati-masine-srbija","8":"pa_b-castellari","9":"pa_market-ba","10":"pa_market-mk","11":"pa_market-rs","13":"first","14":"instock","15":"sale","16":"featured","17":"taxable","18":"shipping-taxable","19":"purchasable","20":"product-type-simple"},"acf":[],"seolaxy_ctr_woo_product_custom_meta_description_content":"","_links":{"self":[{"href":"https:\/\/www.sinpeks.com\/rs\/wp-json\/wp\/v2\/product\/13634","targetHints":{"allow":["GET"]}}],"collection":[{"href":"https:\/\/www.sinpeks.com\/rs\/wp-json\/wp\/v2\/product"}],"about":[{"href":"https:\/\/www.sinpeks.com\/rs\/wp-json\/wp\/v2\/types\/product"}],"replies":[{"embeddable":true,"href":"https:\/\/www.sinpeks.com\/rs\/wp-json\/wp\/v2\/comments?post=13634"}],"wp:featuredmedia":[{"embeddable":true,"href":"https:\/\/www.sinpeks.com\/rs\/wp-json\/wp\/v2\/media\/16228"}],"wp:attachment":[{"href":"https:\/\/www.sinpeks.com\/rs\/wp-json\/wp\/v2\/media?parent=13634"}],"wp:term":[{"taxonomy":"product_cat","embeddable":true,"href":"https:\/\/www.sinpeks.com\/rs\/wp-json\/wp\/v2\/product_cat?post=13634"},{"taxonomy":"product_tag","embeddable":true,"href":"https:\/\/www.sinpeks.com\/rs\/wp-json\/wp\/v2\/product_tag?post=13634"}],"curies":[{"name":"wp","href":"https:\/\/api.w.org\/{rel}","templated":true}]}}