{"id":13632,"date":"2025-01-20T18:21:47","date_gmt":"2025-01-20T18:21:47","guid":{"rendered":"https:\/\/www.sinpeks.com\/rs\/p\/visoke-makaze-za-secenje\/"},"modified":"2026-05-04T20:02:42","modified_gmt":"2026-05-04T20:02:42","slug":"visoke-makaze-za-secenje","status":"publish","type":"product","link":"https:\/\/www.sinpeks.com\/rs\/p\/visoke-makaze-za-secenje\/","title":{"rendered":"Makaze za orezivanje sa \u010degrtaljkom SmartCut"},"content":{"rendered":"<p>Makaze za orezivanje sa \u010degrtaljkom SmartCut kompanije GARDENA poma\u017eu vam da se lako nosite sa razli\u010ditim uslovima se\u010denja. Lagani materijali poput aluminijumskih dr\u0161ki daju makazama za orezivanje malu te\u017einu od samo 1,3 kilograma. ErgoTec rukohvati sa dodatnim mekim komponentama \u010dine rukovanje izuzetno udobnim i va\u0161e ruke nec\u0301e klizati. SmartCut ima direktno se\u010denje sa kugli\u010dnim le\u017eajevima, funkcionalni princip koji vam poma\u017ee u zahtevnim situacijama se\u010denja i olak\u0161ava se\u010denje. Inovativni mehanizam \u010degrtaljke sa do 3 puta vec\u0301om snagom se\u010denja mo\u017ee se jednostavno automatski uklju\u010diti kada je potrebno. Tada mo\u017eete da se\u010dete \u010dak i jake i tvrde grane pre\u010dnika do 4,5 centimetara. Gornji deo se\u010diva sastoji se od nelepljivog, precizno bru\u0161enog se\u010diva, a donji deo od robusnog aluminijumskog nakovnja, \u0161to omoguc\u0301ava \u010dist rez. Visok kvalitet makaza za orezivanje sa \u010degrtaljkom SmartCut duguje se proizvodnji u Nema\u010dkoj i 25-godi\u0161njoj garanciji kompanije GARDENA. Izrazite svoju viziju precizno\u0161c\u0301u. Jednostavni za upotrebu, efikasni i izdr\u017eljivi alati za se\u010denje za kreativne ba\u0161tovane.<\/p>\n","protected":false},"excerpt":{"rendered":"<p>Makaze za orezivanje sa \u010degrtaljkom SmartCut kompanije GARDENA poma\u017eu vam da se lako nosite sa razli\u010ditim uslovima se\u010denja. Lagani materijali poput aluminijumskih dr\u0161ki daju makazama za orezivanje malu te\u017einu od samo 1,3 kilograma. ErgoTec rukohvati sa dodatnim mekim komponentama \u010dine rukovanje izuzetno udobnim i va\u0161e ruke nec\u0301e klizati. SmartCut ima direktno se\u010denje sa kugli\u010dnim le\u017eajevima, [&hellip;]<\/p>\n","protected":false},"featured_media":18841,"comment_status":"open","ping_status":"closed","template":"","meta":{"_acf_changed":false},"product_cat":[3462],"product_tag":[],"class_list":{"0":"post-13632","1":"product","2":"type-product","3":"status-publish","4":"has-post-thumbnail","6":"product_cat-makaze-za-orezivanje","7":"product_shipping_class-alati-masine-makedonija","8":"pa_b-gardena","9":"pa_market-ba","10":"pa_market-mk","11":"pa_market-rs","13":"first","14":"instock","15":"sale","16":"taxable","17":"shipping-taxable","18":"purchasable","19":"product-type-simple"},"acf":[],"seolaxy_ctr_woo_product_custom_meta_description_content":"","_links":{"self":[{"href":"https:\/\/www.sinpeks.com\/rs\/wp-json\/wp\/v2\/product\/13632","targetHints":{"allow":["GET"]}}],"collection":[{"href":"https:\/\/www.sinpeks.com\/rs\/wp-json\/wp\/v2\/product"}],"about":[{"href":"https:\/\/www.sinpeks.com\/rs\/wp-json\/wp\/v2\/types\/product"}],"replies":[{"embeddable":true,"href":"https:\/\/www.sinpeks.com\/rs\/wp-json\/wp\/v2\/comments?post=13632"}],"wp:featuredmedia":[{"embeddable":true,"href":"https:\/\/www.sinpeks.com\/rs\/wp-json\/wp\/v2\/media\/18841"}],"wp:attachment":[{"href":"https:\/\/www.sinpeks.com\/rs\/wp-json\/wp\/v2\/media?parent=13632"}],"wp:term":[{"taxonomy":"product_cat","embeddable":true,"href":"https:\/\/www.sinpeks.com\/rs\/wp-json\/wp\/v2\/product_cat?post=13632"},{"taxonomy":"product_tag","embeddable":true,"href":"https:\/\/www.sinpeks.com\/rs\/wp-json\/wp\/v2\/product_tag?post=13632"}],"curies":[{"name":"wp","href":"https:\/\/api.w.org\/{rel}","templated":true}]}}